{"id":3243,"date":"2020-04-27T13:51:12","date_gmt":"2020-04-27T11:51:12","guid":{"rendered":"https:\/\/www.absolument-angouleme.fr\/?page_id=3243"},"modified":"2020-04-27T13:51:13","modified_gmt":"2020-04-27T11:51:13","slug":"en-el-centro-de-nueva-aquitania","status":"publish","type":"page","link":"https:\/\/www.absolument-angouleme.fr\/es\/en-el-centro-de-nueva-aquitania\/","title":{"rendered":"En el centro de Nueva Aquitania"},"content":{"rendered":"<div class=\"wpb-content-wrapper\"><p>[vc_row full_width=\u00bbstretch_row_content_no_spaces\u00bb][vc_column]<section class=\"banner\">\n    <div class=\"banner__back\" style=\"background-image: url(https:\/\/www.absolument-angouleme.fr\/wp-content\/uploads\/2019\/11\/J5.-00.-drone-angouleme-port-lhoumeau-5-Flow-Velo-Aurelie-Stapf-porteurdesonge.com_.jpg);\">\n\t        <\/div>\n    <div class=\"banner__front\">\n        <div class=\"left-panel-border\"><\/div>\n        <div class=\"left-panel\">\n            <h1>ANGOUL\u00caME, UN LUGAR BIEN CONECTADO Y AGRADABLE PARA VIVIR<\/h1>\n                    <\/div>\n        <div class=\"breadcrumb-trail\">\n        <p id=\"breadcrumbs\"><span><span><a href=\"https:\/\/www.absolument-angouleme.fr\/es\/\">Accueil<\/a><\/span><\/span><\/p>        <\/div>\n    <\/div>\n<\/section>\n[vc_empty_space height=\u00bb55px\u00bb][\/vc_column][\/vc_row][vc_row][vc_column][vc_wp_text]<\/p>\n<h1><span style=\"color: #ff0000;\">ANGOUL\u00caME, UN LUGAR BIEN CONECTADO Y AGRADABLE PARA VIVIR<\/span><\/h1>\n<p>Angoul\u00eame es el epicentro de una zona de m\u00e1s de un mill\u00f3n de habitantes en un radio de <strong>1\u00a0h y 30\u00a0minutos.<\/strong><br \/>\nSu inmejorable situaci\u00f3n geogr\u00e1fica la convierten en un emplazamiento propicio al desarrollo de numerosos intercambios y cooperaciones con <strong>Par\u00eds<\/strong> y la regi\u00f3n de <strong>Nueva Aquitania<\/strong>.[\/vc_wp_text][\/vc_column][\/vc_row][vc_row][vc_column width=\u00bb2\/3&#8243;][vc_single_image image=\u00bb2885&#8243; img_size=\u00bblarge\u00bb css_animation=\u00bbleft-to-right\u00bb][\/vc_column][vc_column width=\u00bb1\/3&#8243;][vc_empty_space height=\u00bb75px\u00bb][vc_empty_space height=\u00bb1px\u00bb][vc_column_text css_animation=\u00bbright-to-left\u00bb]<\/p>\n<h3><span style=\"color: #ff6600;\"><strong>#\u00a0<\/strong>EN TREN<\/span><\/h3>\n<h3><strong>\u00a0<\/strong><\/h3>\n<p><strong>Conexi\u00f3n con la l\u00ednea de alta velocidad (LGV)<\/strong><\/p>\n<p><strong>1:43\u00a0h<\/strong> de Par\u00eds<br \/>\n<strong>35\u00a0min<\/strong> de Burdeos<\/p>\n<p>&nbsp;<\/p>\n<h3><span style=\"color: #ff6600;\"><strong>#\u00a0<\/strong>POR CARRETERA<\/span><\/h3>\n<p>&nbsp;<\/p>\n<p>A <strong>1:15\u00a0h<\/strong> de Burdeos, Poitiers, Limoges, P\u00e9rigueux y Roquefort<br \/>\nA <strong>1:45\u00a0h<\/strong> de La Rochelle, de la isla de R\u00e9 y la isla de Ol\u00e9ron<br \/>\nA <strong>1\u00a0h<\/strong> de la costa Atl\u00e1ntica<br \/>\nA <strong>30\u00a0min<\/strong> de Co\u00f1ac<br \/>\nA <strong>4\u00a0h<\/strong> de los Pirineos<br \/>\nA <strong>3\u00a0h<\/strong> del Macizo Central[\/vc_column_text][\/vc_column][\/vc_row]<\/p>\n<\/div>","protected":false},"excerpt":{"rendered":"<p>[vc_row full_width=\u00bbstretch_row_content_no_spaces\u00bb][vc_column][vc_empty_space height=\u00bb55px\u00bb][\/vc_column][\/vc_row][vc_row][vc_column][vc_wp_text] ANGOUL\u00caME, UN LUGAR BIEN CONECTADO Y AGRADABLE PARA VIVIR Angoul\u00eame es el epicentro de una zona de m\u00e1s de un mill\u00f3n de habitantes en un radio de 1\u00a0h y 30\u00a0minutos. Su inmejorable situaci\u00f3n geogr\u00e1fica la convierten en un emplazamiento propicio al desarrollo de numerosos intercambios y cooperaciones con Par\u00eds y la regi\u00f3n [&hellip;]<\/p>\n","protected":false},"author":6,"featured_media":0,"parent":0,"menu_order":0,"comment_status":"closed","ping_status":"closed","template":"","meta":{"_acf_changed":false,"inline_featured_image":false,"footnotes":""},"class_list":["post-3243","page","type-page","status-publish","hentry"],"acf":[],"yoast_head":"<!-- This site is optimized with the Yoast SEO plugin v24.2 - https:\/\/yoast.com\/wordpress\/plugins\/seo\/ -->\n<title>En el centro de Nueva Aquitania | Absolument Ango\u00fbleme<\/title>\n<meta name=\"robots\" content=\"index, follow, max-snippet:-1, max-image-preview:large, max-video-preview:-1\" \/>\n<link rel=\"canonical\" href=\"https:\/\/www.absolument-angouleme.fr\/au-coeur-nouvelle-aquitaine\/\" \/>\n<meta property=\"og:locale\" content=\"es_ES\" \/>\n<meta property=\"og:type\" content=\"article\" \/>\n<meta property=\"og:title\" content=\"En el centro de Nueva Aquitania | Absolument Ango\u00fbleme\" \/>\n<meta property=\"og:description\" content=\"[vc_row full_width=\u00bbstretch_row_content_no_spaces\u00bb][vc_column][vc_empty_space height=\u00bb55px\u00bb][\/vc_column][\/vc_row][vc_row][vc_column][vc_wp_text] ANGOUL\u00caME, UN LUGAR BIEN CONECTADO Y AGRADABLE PARA VIVIR Angoul\u00eame es el epicentro de una zona de m\u00e1s de un mill\u00f3n de habitantes en un radio de 1\u00a0h y 30\u00a0minutos. Su inmejorable situaci\u00f3n geogr\u00e1fica la convierten en un emplazamiento propicio al desarrollo de numerosos intercambios y cooperaciones con Par\u00eds y la regi\u00f3n [&hellip;]\" \/>\n<meta property=\"og:url\" content=\"https:\/\/www.absolument-angouleme.fr\/au-coeur-nouvelle-aquitaine\/\" \/>\n<meta property=\"og:site_name\" content=\"Absolument Ango\u00fbleme\" \/>\n<meta property=\"article:publisher\" content=\"https:\/\/www.facebook.com\/absolumentangouleme\" \/>\n<meta property=\"article:modified_time\" content=\"2020-04-27T11:51:13+00:00\" \/>\n<meta property=\"og:image\" content=\"https:\/\/www.absolument-angouleme.fr\/wp-content\/uploads\/2019\/12\/Absolument-Angouleme_logotype_quadri_4cm.jpg\" \/>\n\t<meta property=\"og:image:width\" content=\"472\" \/>\n\t<meta property=\"og:image:height\" content=\"411\" \/>\n\t<meta property=\"og:image:type\" content=\"image\/jpeg\" \/>\n<meta name=\"twitter:card\" content=\"summary_large_image\" \/>\n<meta name=\"twitter:label1\" content=\"Tiempo de lectura\" \/>\n\t<meta name=\"twitter:data1\" content=\"1 minuto\" \/>\n<script type=\"application\/ld+json\" class=\"yoast-schema-graph\">{\"@context\":\"https:\/\/schema.org\",\"@graph\":[{\"@type\":\"WebPage\",\"@id\":\"https:\/\/www.absolument-angouleme.fr\/au-coeur-nouvelle-aquitaine\/\",\"url\":\"https:\/\/www.absolument-angouleme.fr\/au-coeur-nouvelle-aquitaine\/\",\"name\":\"En el centro de Nueva Aquitania | Absolument Ango\u00fbleme\",\"isPartOf\":{\"@id\":\"https:\/\/www.absolument-angouleme.fr\/#website\"},\"datePublished\":\"2020-04-27T11:51:12+00:00\",\"dateModified\":\"2020-04-27T11:51:13+00:00\",\"breadcrumb\":{\"@id\":\"https:\/\/www.absolument-angouleme.fr\/au-coeur-nouvelle-aquitaine\/#breadcrumb\"},\"inLanguage\":\"es\",\"potentialAction\":[{\"@type\":\"ReadAction\",\"target\":[\"https:\/\/www.absolument-angouleme.fr\/au-coeur-nouvelle-aquitaine\/\"]}]},{\"@type\":\"BreadcrumbList\",\"@id\":\"https:\/\/www.absolument-angouleme.fr\/au-coeur-nouvelle-aquitaine\/#breadcrumb\",\"itemListElement\":[{\"@type\":\"ListItem\",\"position\":1,\"name\":\"Accueil\",\"item\":\"https:\/\/www.absolument-angouleme.fr\/es\/\"},{\"@type\":\"ListItem\",\"position\":2,\"name\":\"En el centro de Nueva Aquitania\"}]},{\"@type\":\"WebSite\",\"@id\":\"https:\/\/www.absolument-angouleme.fr\/#website\",\"url\":\"https:\/\/www.absolument-angouleme.fr\/\",\"name\":\"Absolument Ango\u00fbleme\",\"description\":\"Entreprendre et d\u00e9couvrir !\",\"publisher\":{\"@id\":\"https:\/\/www.absolument-angouleme.fr\/#organization\"},\"potentialAction\":[{\"@type\":\"SearchAction\",\"target\":{\"@type\":\"EntryPoint\",\"urlTemplate\":\"https:\/\/www.absolument-angouleme.fr\/?s={search_term_string}\"},\"query-input\":{\"@type\":\"PropertyValueSpecification\",\"valueRequired\":true,\"valueName\":\"search_term_string\"}}],\"inLanguage\":\"es\"},{\"@type\":\"Organization\",\"@id\":\"https:\/\/www.absolument-angouleme.fr\/#organization\",\"name\":\"Absolument Angoul\u00eame\",\"url\":\"https:\/\/www.absolument-angouleme.fr\/\",\"logo\":{\"@type\":\"ImageObject\",\"inLanguage\":\"es\",\"@id\":\"https:\/\/www.absolument-angouleme.fr\/#\/schema\/logo\/image\/\",\"url\":\"\/wp-content\/uploads\/2019\/12\/Absolument-Angouleme_logotype_quadri_4cm.jpg\",\"contentUrl\":\"\/wp-content\/uploads\/2019\/12\/Absolument-Angouleme_logotype_quadri_4cm.jpg\",\"width\":472,\"height\":411,\"caption\":\"Absolument Angoul\u00eame\"},\"image\":{\"@id\":\"https:\/\/www.absolument-angouleme.fr\/#\/schema\/logo\/image\/\"},\"sameAs\":[\"https:\/\/www.facebook.com\/absolumentangouleme\",\"https:\/\/www.instagram.com\/absolumentangouleme\/\",\"https:\/\/www.linkedin.com\/company\/absolument-angoul\u00eame\/\"]}]}<\/script>\n<!-- \/ Yoast SEO plugin. -->","yoast_head_json":{"title":"En el centro de Nueva Aquitania | Absolument Ango\u00fbleme","robots":{"index":"index","follow":"follow","max-snippet":"max-snippet:-1","max-image-preview":"max-image-preview:large","max-video-preview":"max-video-preview:-1"},"canonical":"https:\/\/www.absolument-angouleme.fr\/au-coeur-nouvelle-aquitaine\/","og_locale":"es_ES","og_type":"article","og_title":"En el centro de Nueva Aquitania | Absolument Ango\u00fbleme","og_description":"[vc_row full_width=\u00bbstretch_row_content_no_spaces\u00bb][vc_column][vc_empty_space height=\u00bb55px\u00bb][\/vc_column][\/vc_row][vc_row][vc_column][vc_wp_text] ANGOUL\u00caME, UN LUGAR BIEN CONECTADO Y AGRADABLE PARA VIVIR Angoul\u00eame es el epicentro de una zona de m\u00e1s de un mill\u00f3n de habitantes en un radio de 1\u00a0h y 30\u00a0minutos. Su inmejorable situaci\u00f3n geogr\u00e1fica la convierten en un emplazamiento propicio al desarrollo de numerosos intercambios y cooperaciones con Par\u00eds y la regi\u00f3n [&hellip;]","og_url":"https:\/\/www.absolument-angouleme.fr\/au-coeur-nouvelle-aquitaine\/","og_site_name":"Absolument Ango\u00fbleme","article_publisher":"https:\/\/www.facebook.com\/absolumentangouleme","article_modified_time":"2020-04-27T11:51:13+00:00","og_image":[{"width":472,"height":411,"url":"https:\/\/www.absolument-angouleme.fr\/wp-content\/uploads\/2019\/12\/Absolument-Angouleme_logotype_quadri_4cm.jpg","type":"image\/jpeg"}],"twitter_card":"summary_large_image","twitter_misc":{"Tiempo de lectura":"1 minuto"},"schema":{"@context":"https:\/\/schema.org","@graph":[{"@type":"WebPage","@id":"https:\/\/www.absolument-angouleme.fr\/au-coeur-nouvelle-aquitaine\/","url":"https:\/\/www.absolument-angouleme.fr\/au-coeur-nouvelle-aquitaine\/","name":"En el centro de Nueva Aquitania | Absolument Ango\u00fbleme","isPartOf":{"@id":"https:\/\/www.absolument-angouleme.fr\/#website"},"datePublished":"2020-04-27T11:51:12+00:00","dateModified":"2020-04-27T11:51:13+00:00","breadcrumb":{"@id":"https:\/\/www.absolument-angouleme.fr\/au-coeur-nouvelle-aquitaine\/#breadcrumb"},"inLanguage":"es","potentialAction":[{"@type":"ReadAction","target":["https:\/\/www.absolument-angouleme.fr\/au-coeur-nouvelle-aquitaine\/"]}]},{"@type":"BreadcrumbList","@id":"https:\/\/www.absolument-angouleme.fr\/au-coeur-nouvelle-aquitaine\/#breadcrumb","itemListElement":[{"@type":"ListItem","position":1,"name":"Accueil","item":"https:\/\/www.absolument-angouleme.fr\/es\/"},{"@type":"ListItem","position":2,"name":"En el centro de Nueva Aquitania"}]},{"@type":"WebSite","@id":"https:\/\/www.absolument-angouleme.fr\/#website","url":"https:\/\/www.absolument-angouleme.fr\/","name":"Absolument Ango\u00fbleme","description":"Entreprendre et d\u00e9couvrir !","publisher":{"@id":"https:\/\/www.absolument-angouleme.fr\/#organization"},"potentialAction":[{"@type":"SearchAction","target":{"@type":"EntryPoint","urlTemplate":"https:\/\/www.absolument-angouleme.fr\/?s={search_term_string}"},"query-input":{"@type":"PropertyValueSpecification","valueRequired":true,"valueName":"search_term_string"}}],"inLanguage":"es"},{"@type":"Organization","@id":"https:\/\/www.absolument-angouleme.fr\/#organization","name":"Absolument Angoul\u00eame","url":"https:\/\/www.absolument-angouleme.fr\/","logo":{"@type":"ImageObject","inLanguage":"es","@id":"https:\/\/www.absolument-angouleme.fr\/#\/schema\/logo\/image\/","url":"\/wp-content\/uploads\/2019\/12\/Absolument-Angouleme_logotype_quadri_4cm.jpg","contentUrl":"\/wp-content\/uploads\/2019\/12\/Absolument-Angouleme_logotype_quadri_4cm.jpg","width":472,"height":411,"caption":"Absolument Angoul\u00eame"},"image":{"@id":"https:\/\/www.absolument-angouleme.fr\/#\/schema\/logo\/image\/"},"sameAs":["https:\/\/www.facebook.com\/absolumentangouleme","https:\/\/www.instagram.com\/absolumentangouleme\/","https:\/\/www.linkedin.com\/company\/absolument-angoul\u00eame\/"]}]}},"_links":{"self":[{"href":"https:\/\/www.absolument-angouleme.fr\/es\/wp-json\/wp\/v2\/pages\/3243","targetHints":{"allow":["GET"]}}],"collection":[{"href":"https:\/\/www.absolument-angouleme.fr\/es\/wp-json\/wp\/v2\/pages"}],"about":[{"href":"https:\/\/www.absolument-angouleme.fr\/es\/wp-json\/wp\/v2\/types\/page"}],"author":[{"embeddable":true,"href":"https:\/\/www.absolument-angouleme.fr\/es\/wp-json\/wp\/v2\/users\/6"}],"replies":[{"embeddable":true,"href":"https:\/\/www.absolument-angouleme.fr\/es\/wp-json\/wp\/v2\/comments?post=3243"}],"version-history":[{"count":0,"href":"https:\/\/www.absolument-angouleme.fr\/es\/wp-json\/wp\/v2\/pages\/3243\/revisions"}],"wp:attachment":[{"href":"https:\/\/www.absolument-angouleme.fr\/es\/wp-json\/wp\/v2\/media?parent=3243"}],"curies":[{"name":"wp","href":"https:\/\/api.w.org\/{rel}","templated":true}]}}