{"id":3259,"date":"2020-04-28T12:34:12","date_gmt":"2020-04-28T10:34:12","guid":{"rendered":"https:\/\/www.absolument-angouleme.fr\/?page_id=3259"},"modified":"2020-04-28T12:34:13","modified_gmt":"2020-04-28T10:34:13","slug":"comprometidos-con-una-mejor-calidad-de-vida","status":"publish","type":"page","link":"https:\/\/www.absolument-angouleme.fr\/es\/comprometidos-con-una-mejor-calidad-de-vida\/","title":{"rendered":"Comprometidos con una mejor calidad de vida"},"content":{"rendered":"<div class=\"wpb-content-wrapper\"><p>[vc_row full_width=\u00bbstretch_row_content_no_spaces\u00bb][vc_column]<section class=\"banner\">\n    <div class=\"banner__back\" style=\"background-image: url(https:\/\/www.absolument-angouleme.fr\/wp-content\/uploads\/2019\/11\/champs.jpeg);\">\n\t        <\/div>\n    <div class=\"banner__front\">\n        <div class=\"left-panel-border\"><\/div>\n        <div class=\"left-panel\">\n            <h1>Comprometidos <br><span>con una mejor calidad de vida<\/span><\/h1>\n                    <\/div>\n        <div class=\"breadcrumb-trail\">\n        <p id=\"breadcrumbs\"><span><span><a href=\"https:\/\/www.absolument-angouleme.fr\/es\/\">Accueil<\/a><\/span><\/span><\/p>        <\/div>\n    <\/div>\n<\/section>\n[vc_empty_space height=\u00bb55px\u00bb][\/vc_column][\/vc_row][vc_row][vc_column]\n<section class=\"simple-text-image text-left-img-right\">\n    <figure>\n        <img decoding=\"async\" width=\"1024\" height=\"684\" src=\"https:\/\/www.absolument-angouleme.fr\/wp-content\/uploads\/2019\/11\/1901-PlaquetteDAEE-_DSC0574-W_Denizet-vHD-1024x684.jpg\" class=\"attachment-large size-large\" alt=\"\" srcset=\"https:\/\/www.absolument-angouleme.fr\/wp-content\/uploads\/2019\/11\/1901-PlaquetteDAEE-_DSC0574-W_Denizet-vHD-1024x684.jpg 1024w, https:\/\/www.absolument-angouleme.fr\/wp-content\/uploads\/2019\/11\/1901-PlaquetteDAEE-_DSC0574-W_Denizet-vHD-300x200.jpg 300w, https:\/\/www.absolument-angouleme.fr\/wp-content\/uploads\/2019\/11\/1901-PlaquetteDAEE-_DSC0574-W_Denizet-vHD-768x513.jpg 768w\" sizes=\"(max-width: 1024px) 100vw, 1024px\" \/>            <\/figure>\n    <div class=\"text-content\">\n        <h2># LA TRANSICI\u00d3N ECOL\u00d3GICA Y ENERG\u00c9TICA...<\/h2>\n        <div class=\"content\"><strong>\u2026 es un pilar esencial del proyecto de la aglomeraci\u00f3n<\/strong>. Desde hace 10 a\u00f1os, la aglomeraci\u00f3n de GrandAngoul\u00eame coordina esta iniciativa publicando folletos de sensibilizaci\u00f3n y llevando a cabo proyectos operativos destinados a todos los actores del territorio, desde alumnos hasta empresarios.<\/p>\n<p><strong>Otros desaf\u00edos clave son potenciar los circuitos cortos de comercializaci\u00f3n, la agricultura responsable y educar para una alimentaci\u00f3n saludable.<span class=\"Apple-converted-space\">\u00a0<\/span><\/strong><\/div>\n    <\/div>\n<\/section>[vc_empty_space]\n<section class=\"text-overlap text-left-img-right\">\n        <figure class=\"col-lg-8\">\n            <img decoding=\"async\" width=\"2048\" height=\"1193\" src=\"https:\/\/www.absolument-angouleme.fr\/wp-content\/uploads\/2019\/12\/c-BNIC-Stephane-Charbeau-8.jpg\" class=\"attachment-full size-full\" alt=\"\" srcset=\"https:\/\/www.absolument-angouleme.fr\/wp-content\/uploads\/2019\/12\/c-BNIC-Stephane-Charbeau-8.jpg 2048w, https:\/\/www.absolument-angouleme.fr\/wp-content\/uploads\/2019\/12\/c-BNIC-Stephane-Charbeau-8-300x175.jpg 300w, https:\/\/www.absolument-angouleme.fr\/wp-content\/uploads\/2019\/12\/c-BNIC-Stephane-Charbeau-8-768x447.jpg 768w, https:\/\/www.absolument-angouleme.fr\/wp-content\/uploads\/2019\/12\/c-BNIC-Stephane-Charbeau-8-1024x597.jpg 1024w\" sizes=\"(max-width: 2048px) 100vw, 2048px\" \/>\t                <\/figure>\n            <div class=\"text-overlap-container\">\n\t                    <h2># UN POLO DE EXCELENCIA EN MATERIA DE ENERG\u00cdAS RENOVABLES<\/h2>\n\t        \t                    <div class=\"text-overlap-content\">\n                <strong>\u2013 Experimentaci\u00f3n sobre el almacenamiento de la energ\u00eda y el desarrollo de una filial de hidr\u00f3geno<\/strong><br \/>\n\u2013 Implementaci\u00f3n de proyectos territoriales de energ\u00eda renovables (e\u00f3lica, fotovoltaica, metanizaci\u00f3n, energ\u00eda derivada de la combusti\u00f3n de la madera) que vinculan los ciudadanos y los actores con sus financiaciones<br \/>\n\u2013 <strong>Priorizar<\/strong> las colaboraciones interempresariales (agrupaci\u00f3n de pedidos)<br \/>\n\u2013 <strong>Desarrollar<\/strong> iniciativas de prevenci\u00f3n de residuos y de gesti\u00f3n de residuos biol\u00f3gicos.<br \/>\n\u2013 <strong>Creaci\u00f3n<\/strong> de puestos de trabajo en el sector de la construcci\u00f3n y del mantenimiento de los sistemas de energ\u00edas renovables.            <\/div>\n\t                <\/div>\n    <\/section>[\/vc_column][\/vc_row][vc_row][vc_column][vc_empty_space height=\u00bb75px\u00bb][\/vc_column][\/vc_row][vc_row][vc_column]\n<section class=\"text-overlap text-right-img-left\">\n        <figure class=\"col-lg-8\">\n            <img decoding=\"async\" width=\"1270\" height=\"600\" src=\"https:\/\/www.absolument-angouleme.fr\/wp-content\/uploads\/2019\/09\/1901-PlaquetteDAEE-IMG_1101-W_Denizet-vHD.png\" class=\"attachment-full size-full\" alt=\"\" srcset=\"https:\/\/www.absolument-angouleme.fr\/wp-content\/uploads\/2019\/09\/1901-PlaquetteDAEE-IMG_1101-W_Denizet-vHD.png 1270w, https:\/\/www.absolument-angouleme.fr\/wp-content\/uploads\/2019\/09\/1901-PlaquetteDAEE-IMG_1101-W_Denizet-vHD-300x142.png 300w, https:\/\/www.absolument-angouleme.fr\/wp-content\/uploads\/2019\/09\/1901-PlaquetteDAEE-IMG_1101-W_Denizet-vHD-768x363.png 768w, https:\/\/www.absolument-angouleme.fr\/wp-content\/uploads\/2019\/09\/1901-PlaquetteDAEE-IMG_1101-W_Denizet-vHD-1024x484.png 1024w\" sizes=\"(max-width: 1270px) 100vw, 1270px\" \/>\t                <\/figure>\n            <div class=\"text-overlap-container\">\n\t                    <h2># LA MOVILIDAD<\/h2>\n\t        \t                    <div class=\"text-overlap-content\">\n                <strong>\u2013 Una red de transporte p\u00fablico accesible, ecol\u00f3gica y un nivel de servicio eficiente.<\/strong><br \/>\n\u2013 Puesta en circulaci\u00f3n de 26 autobuses h\u00edbridos.<br \/>\n\u2013 Desarrollo y fomento del uso de la bicicleta para los desplazamientos cotidianos o tur\u00edsticos.            <\/div>\n\t                <\/div>\n    <\/section>[\/vc_column][\/vc_row][vc_row][vc_column][vc_empty_space height=\u00bb75px\u00bb][\/vc_column][\/vc_row][vc_row full_width=\u00bbstretch_row_content_no_spaces\u00bb][vc_column]\n<section class=\"text-overlap text-left-img-right\">\n        <figure class=\"col-lg-8\">\n            <img decoding=\"async\" width=\"5616\" height=\"2704\" src=\"https:\/\/www.absolument-angouleme.fr\/wp-content\/uploads\/2019\/11\/sarments.jpeg\" class=\"attachment-full size-full\" alt=\"\" srcset=\"https:\/\/www.absolument-angouleme.fr\/wp-content\/uploads\/2019\/11\/sarments.jpeg 5616w, https:\/\/www.absolument-angouleme.fr\/wp-content\/uploads\/2019\/11\/sarments-300x144.jpeg 300w, https:\/\/www.absolument-angouleme.fr\/wp-content\/uploads\/2019\/11\/sarments-768x370.jpeg 768w, https:\/\/www.absolument-angouleme.fr\/wp-content\/uploads\/2019\/11\/sarments-1024x493.jpeg 1024w\" sizes=\"(max-width: 5616px) 100vw, 5616px\" \/>\t                <\/figure>\n            <div class=\"text-overlap-container\">\n\t                    <h2># LA ALIMENTACI\u00d3N<\/h2>\n\t        \t                    <div class=\"text-overlap-content\">\n                \u2013 <strong>Acciones en pro de una agricultura local fuerte<\/strong> (suministro local y responsable para la restauraci\u00f3n colectiva, folleto pedag\u00f3gico, autosuficiencia alimentaria para las adquisiciones p\u00fablicas\u2026)<br \/>\n\u2013 <strong>Asesoramiento a las personas que desean iniciar su actividad profesional en la horticultura diversificada o la agricultura ecol\u00f3gica<\/strong><br \/>\n\u2013 Direcci\u00f3n y coordinaci\u00f3n de la red que fomenta una buena alimentaci\u00f3n en la escuela \u00abBien manger \u00e0 l\u2019\u00e9cole\u00bb y las buenas pr\u00e1cticas en la restauraci\u00f3n escolar (abastecimientos, reducci\u00f3n del despilfarro y educaci\u00f3n alimentaria).            <\/div>\n\t                <\/div>\n    <\/section>[\/vc_column][\/vc_row][vc_row][vc_column][vc_empty_space height=\u00bb75px\u00bb][\/vc_column][\/vc_row][vc_row full_width=\u00bbstretch_row_content_no_spaces\u00bb][vc_column]<section class=\"full-image text-place-left\" style=\"background: url(https:\/\/www.absolument-angouleme.fr\/wp-content\/uploads\/2019\/09\/1901-PlaquetteDAEE-_DSC0049-W_Denizet-vHD-1.png) center\/cover;\">\n    <div class=\"full-image-overlay\"><\/div>\n        <div class=\"text-content\">\n\t            <h2># LA MONEDA LOCAL: LA BULLE<\/h2>\n\t    \t            <div class=\"content\"><strong>Patrocinada por GrandAngoul\u00eame, la<i> bulle<\/i> es una moneda local complementaria que est\u00e1 disponible en Charente desde marzo del 2019<\/strong>. Con ella se puede pagar a los comerciantes y artesanos del territorio.<\/p>\n<p>La <i>bulle<\/i> es una fant\u00e1stica herramienta de dinamizaci\u00f3n de la econom\u00eda local (comercios y artesanos) y de lucha contra la desertizaci\u00f3n de los peque\u00f1os comercios, la deslocalizaci\u00f3n, el paro o incluso la p\u00e9rdida de v\u00ednculos sociales, dotando de sentido nuestras compras. Permite establecer un c\u00edrculo virtuoso: el dinero circula \u00fanicamente dentro del territorio, pues no se puede utilizar en ninguna otra parte, lo que favorece su riqueza. Asimismo, la <i>bulle<\/i> fomenta las relaciones sociales e invita a participar en la vida local y a desarrollar circuitos cortos de consumo.<\/p>\n<p><strong>Para m\u00e1s informaci\u00f3n<\/strong>\u00a0: <a href=\"https:\/\/www.monnaie-bulle.fr\/\">monnaie-bulle.fr<\/a><\/div>\n\t        <\/div>\n            <div class=\"border-bottom-gradient\"><\/div>\n<\/section>[\/vc_column][\/vc_row][vc_row][vc_column][vc_empty_space height=\u00bb75px\u00bb][\/vc_column][\/vc_row]<\/p>\n<\/div>","protected":false},"excerpt":{"rendered":"<p>[vc_row full_width=\u00bbstretch_row_content_no_spaces\u00bb][vc_column][vc_empty_space height=\u00bb55px\u00bb][\/vc_column][\/vc_row][vc_row][vc_column][vc_empty_space][\/vc_column][\/vc_row][vc_row][vc_column][vc_empty_space height=\u00bb75px\u00bb][\/vc_column][\/vc_row][vc_row][vc_column][\/vc_column][\/vc_row][vc_row][vc_column][vc_empty_space height=\u00bb75px\u00bb][\/vc_column][\/vc_row][vc_row full_width=\u00bbstretch_row_content_no_spaces\u00bb][vc_column][\/vc_column][\/vc_row][vc_row][vc_column][vc_empty_space height=\u00bb75px\u00bb][\/vc_column][\/vc_row][vc_row full_width=\u00bbstretch_row_content_no_spaces\u00bb][vc_column][\/vc_column][\/vc_row][vc_row][vc_column][vc_empty_space height=\u00bb75px\u00bb][\/vc_column][\/vc_row]<\/p>\n","protected":false},"author":6,"featured_media":0,"parent":0,"menu_order":0,"comment_status":"closed","ping_status":"closed","template":"","meta":{"_acf_changed":false,"inline_featured_image":false,"footnotes":""},"class_list":["post-3259","page","type-page","status-publish","hentry"],"acf":[],"yoast_head":"<!-- This site is optimized with the Yoast SEO plugin v24.2 - https:\/\/yoast.com\/wordpress\/plugins\/seo\/ -->\n<title>Comprometidos con una mejor calidad de vida | Absolument Ango\u00fbleme<\/title>\n<meta name=\"robots\" content=\"index, follow, max-snippet:-1, max-image-preview:large, max-video-preview:-1\" \/>\n<link rel=\"canonical\" href=\"https:\/\/www.absolument-angouleme.fr\/qualite-de-vie\/\" \/>\n<meta property=\"og:locale\" content=\"es_ES\" \/>\n<meta property=\"og:type\" content=\"article\" \/>\n<meta property=\"og:title\" content=\"Comprometidos con una mejor calidad de vida | Absolument Ango\u00fbleme\" \/>\n<meta property=\"og:description\" content=\"[vc_row full_width=\u00bbstretch_row_content_no_spaces\u00bb][vc_column][vc_empty_space height=\u00bb55px\u00bb][\/vc_column][\/vc_row][vc_row][vc_column][vc_empty_space][\/vc_column][\/vc_row][vc_row][vc_column][vc_empty_space height=\u00bb75px\u00bb][\/vc_column][\/vc_row][vc_row][vc_column][\/vc_column][\/vc_row][vc_row][vc_column][vc_empty_space height=\u00bb75px\u00bb][\/vc_column][\/vc_row][vc_row full_width=\u00bbstretch_row_content_no_spaces\u00bb][vc_column][\/vc_column][\/vc_row][vc_row][vc_column][vc_empty_space height=\u00bb75px\u00bb][\/vc_column][\/vc_row][vc_row full_width=\u00bbstretch_row_content_no_spaces\u00bb][vc_column][\/vc_column][\/vc_row][vc_row][vc_column][vc_empty_space height=\u00bb75px\u00bb][\/vc_column][\/vc_row]\" \/>\n<meta property=\"og:url\" content=\"https:\/\/www.absolument-angouleme.fr\/qualite-de-vie\/\" \/>\n<meta property=\"og:site_name\" content=\"Absolument Ango\u00fbleme\" \/>\n<meta property=\"article:publisher\" content=\"https:\/\/www.facebook.com\/absolumentangouleme\" \/>\n<meta property=\"article:modified_time\" content=\"2020-04-28T10:34:13+00:00\" \/>\n<meta property=\"og:image\" content=\"https:\/\/www.absolument-angouleme.fr\/wp-content\/uploads\/2019\/12\/Absolument-Angouleme_logotype_quadri_4cm.jpg\" \/>\n\t<meta property=\"og:image:width\" content=\"472\" \/>\n\t<meta property=\"og:image:height\" content=\"411\" \/>\n\t<meta property=\"og:image:type\" content=\"image\/jpeg\" \/>\n<meta name=\"twitter:card\" content=\"summary_large_image\" \/>\n<meta name=\"twitter:label1\" content=\"Tiempo de lectura\" \/>\n\t<meta name=\"twitter:data1\" content=\"3 minutos\" \/>\n<script type=\"application\/ld+json\" class=\"yoast-schema-graph\">{\"@context\":\"https:\/\/schema.org\",\"@graph\":[{\"@type\":\"WebPage\",\"@id\":\"https:\/\/www.absolument-angouleme.fr\/qualite-de-vie\/\",\"url\":\"https:\/\/www.absolument-angouleme.fr\/qualite-de-vie\/\",\"name\":\"Comprometidos con una mejor calidad de vida | Absolument Ango\u00fbleme\",\"isPartOf\":{\"@id\":\"https:\/\/www.absolument-angouleme.fr\/#website\"},\"datePublished\":\"2020-04-28T10:34:12+00:00\",\"dateModified\":\"2020-04-28T10:34:13+00:00\",\"breadcrumb\":{\"@id\":\"https:\/\/www.absolument-angouleme.fr\/qualite-de-vie\/#breadcrumb\"},\"inLanguage\":\"es\",\"potentialAction\":[{\"@type\":\"ReadAction\",\"target\":[\"https:\/\/www.absolument-angouleme.fr\/qualite-de-vie\/\"]}]},{\"@type\":\"BreadcrumbList\",\"@id\":\"https:\/\/www.absolument-angouleme.fr\/qualite-de-vie\/#breadcrumb\",\"itemListElement\":[{\"@type\":\"ListItem\",\"position\":1,\"name\":\"Accueil\",\"item\":\"https:\/\/www.absolument-angouleme.fr\/es\/\"},{\"@type\":\"ListItem\",\"position\":2,\"name\":\"Comprometidos con una mejor calidad de vida\"}]},{\"@type\":\"WebSite\",\"@id\":\"https:\/\/www.absolument-angouleme.fr\/#website\",\"url\":\"https:\/\/www.absolument-angouleme.fr\/\",\"name\":\"Absolument Ango\u00fbleme\",\"description\":\"Entreprendre et d\u00e9couvrir !\",\"publisher\":{\"@id\":\"https:\/\/www.absolument-angouleme.fr\/#organization\"},\"potentialAction\":[{\"@type\":\"SearchAction\",\"target\":{\"@type\":\"EntryPoint\",\"urlTemplate\":\"https:\/\/www.absolument-angouleme.fr\/?s={search_term_string}\"},\"query-input\":{\"@type\":\"PropertyValueSpecification\",\"valueRequired\":true,\"valueName\":\"search_term_string\"}}],\"inLanguage\":\"es\"},{\"@type\":\"Organization\",\"@id\":\"https:\/\/www.absolument-angouleme.fr\/#organization\",\"name\":\"Absolument Angoul\u00eame\",\"url\":\"https:\/\/www.absolument-angouleme.fr\/\",\"logo\":{\"@type\":\"ImageObject\",\"inLanguage\":\"es\",\"@id\":\"https:\/\/www.absolument-angouleme.fr\/#\/schema\/logo\/image\/\",\"url\":\"\/wp-content\/uploads\/2019\/12\/Absolument-Angouleme_logotype_quadri_4cm.jpg\",\"contentUrl\":\"\/wp-content\/uploads\/2019\/12\/Absolument-Angouleme_logotype_quadri_4cm.jpg\",\"width\":472,\"height\":411,\"caption\":\"Absolument Angoul\u00eame\"},\"image\":{\"@id\":\"https:\/\/www.absolument-angouleme.fr\/#\/schema\/logo\/image\/\"},\"sameAs\":[\"https:\/\/www.facebook.com\/absolumentangouleme\",\"https:\/\/www.instagram.com\/absolumentangouleme\/\",\"https:\/\/www.linkedin.com\/company\/absolument-angoul\u00eame\/\"]}]}<\/script>\n<!-- \/ Yoast SEO plugin. -->","yoast_head_json":{"title":"Comprometidos con una mejor calidad de vida | Absolument Ango\u00fbleme","robots":{"index":"index","follow":"follow","max-snippet":"max-snippet:-1","max-image-preview":"max-image-preview:large","max-video-preview":"max-video-preview:-1"},"canonical":"https:\/\/www.absolument-angouleme.fr\/qualite-de-vie\/","og_locale":"es_ES","og_type":"article","og_title":"Comprometidos con una mejor calidad de vida | Absolument Ango\u00fbleme","og_description":"[vc_row full_width=\u00bbstretch_row_content_no_spaces\u00bb][vc_column][vc_empty_space height=\u00bb55px\u00bb][\/vc_column][\/vc_row][vc_row][vc_column][vc_empty_space][\/vc_column][\/vc_row][vc_row][vc_column][vc_empty_space height=\u00bb75px\u00bb][\/vc_column][\/vc_row][vc_row][vc_column][\/vc_column][\/vc_row][vc_row][vc_column][vc_empty_space height=\u00bb75px\u00bb][\/vc_column][\/vc_row][vc_row full_width=\u00bbstretch_row_content_no_spaces\u00bb][vc_column][\/vc_column][\/vc_row][vc_row][vc_column][vc_empty_space height=\u00bb75px\u00bb][\/vc_column][\/vc_row][vc_row full_width=\u00bbstretch_row_content_no_spaces\u00bb][vc_column][\/vc_column][\/vc_row][vc_row][vc_column][vc_empty_space height=\u00bb75px\u00bb][\/vc_column][\/vc_row]","og_url":"https:\/\/www.absolument-angouleme.fr\/qualite-de-vie\/","og_site_name":"Absolument Ango\u00fbleme","article_publisher":"https:\/\/www.facebook.com\/absolumentangouleme","article_modified_time":"2020-04-28T10:34:13+00:00","og_image":[{"width":472,"height":411,"url":"https:\/\/www.absolument-angouleme.fr\/wp-content\/uploads\/2019\/12\/Absolument-Angouleme_logotype_quadri_4cm.jpg","type":"image\/jpeg"}],"twitter_card":"summary_large_image","twitter_misc":{"Tiempo de lectura":"3 minutos"},"schema":{"@context":"https:\/\/schema.org","@graph":[{"@type":"WebPage","@id":"https:\/\/www.absolument-angouleme.fr\/qualite-de-vie\/","url":"https:\/\/www.absolument-angouleme.fr\/qualite-de-vie\/","name":"Comprometidos con una mejor calidad de vida | Absolument Ango\u00fbleme","isPartOf":{"@id":"https:\/\/www.absolument-angouleme.fr\/#website"},"datePublished":"2020-04-28T10:34:12+00:00","dateModified":"2020-04-28T10:34:13+00:00","breadcrumb":{"@id":"https:\/\/www.absolument-angouleme.fr\/qualite-de-vie\/#breadcrumb"},"inLanguage":"es","potentialAction":[{"@type":"ReadAction","target":["https:\/\/www.absolument-angouleme.fr\/qualite-de-vie\/"]}]},{"@type":"BreadcrumbList","@id":"https:\/\/www.absolument-angouleme.fr\/qualite-de-vie\/#breadcrumb","itemListElement":[{"@type":"ListItem","position":1,"name":"Accueil","item":"https:\/\/www.absolument-angouleme.fr\/es\/"},{"@type":"ListItem","position":2,"name":"Comprometidos con una mejor calidad de vida"}]},{"@type":"WebSite","@id":"https:\/\/www.absolument-angouleme.fr\/#website","url":"https:\/\/www.absolument-angouleme.fr\/","name":"Absolument Ango\u00fbleme","description":"Entreprendre et d\u00e9couvrir !","publisher":{"@id":"https:\/\/www.absolument-angouleme.fr\/#organization"},"potentialAction":[{"@type":"SearchAction","target":{"@type":"EntryPoint","urlTemplate":"https:\/\/www.absolument-angouleme.fr\/?s={search_term_string}"},"query-input":{"@type":"PropertyValueSpecification","valueRequired":true,"valueName":"search_term_string"}}],"inLanguage":"es"},{"@type":"Organization","@id":"https:\/\/www.absolument-angouleme.fr\/#organization","name":"Absolument Angoul\u00eame","url":"https:\/\/www.absolument-angouleme.fr\/","logo":{"@type":"ImageObject","inLanguage":"es","@id":"https:\/\/www.absolument-angouleme.fr\/#\/schema\/logo\/image\/","url":"\/wp-content\/uploads\/2019\/12\/Absolument-Angouleme_logotype_quadri_4cm.jpg","contentUrl":"\/wp-content\/uploads\/2019\/12\/Absolument-Angouleme_logotype_quadri_4cm.jpg","width":472,"height":411,"caption":"Absolument Angoul\u00eame"},"image":{"@id":"https:\/\/www.absolument-angouleme.fr\/#\/schema\/logo\/image\/"},"sameAs":["https:\/\/www.facebook.com\/absolumentangouleme","https:\/\/www.instagram.com\/absolumentangouleme\/","https:\/\/www.linkedin.com\/company\/absolument-angoul\u00eame\/"]}]}},"_links":{"self":[{"href":"https:\/\/www.absolument-angouleme.fr\/es\/wp-json\/wp\/v2\/pages\/3259","targetHints":{"allow":["GET"]}}],"collection":[{"href":"https:\/\/www.absolument-angouleme.fr\/es\/wp-json\/wp\/v2\/pages"}],"about":[{"href":"https:\/\/www.absolument-angouleme.fr\/es\/wp-json\/wp\/v2\/types\/page"}],"author":[{"embeddable":true,"href":"https:\/\/www.absolument-angouleme.fr\/es\/wp-json\/wp\/v2\/users\/6"}],"replies":[{"embeddable":true,"href":"https:\/\/www.absolument-angouleme.fr\/es\/wp-json\/wp\/v2\/comments?post=3259"}],"version-history":[{"count":0,"href":"https:\/\/www.absolument-angouleme.fr\/es\/wp-json\/wp\/v2\/pages\/3259\/revisions"}],"wp:attachment":[{"href":"https:\/\/www.absolument-angouleme.fr\/es\/wp-json\/wp\/v2\/media?parent=3259"}],"curies":[{"name":"wp","href":"https:\/\/api.w.org\/{rel}","templated":true}]}}