{"id":3291,"date":"2020-05-04T16:31:12","date_gmt":"2020-05-04T14:31:12","guid":{"rendered":"https:\/\/www.absolument-angouleme.fr\/?page_id=3291"},"modified":"2020-05-04T16:31:13","modified_gmt":"2020-05-04T14:31:13","slug":"ayudas-a-la-busqueda-de-suelo-y-propiedades-inmobiliarias","status":"publish","type":"page","link":"https:\/\/www.absolument-angouleme.fr\/es\/emprender\/oferta-de-suelo-e-inmobiliaria\/ayudas-a-la-busqueda-de-suelo-y-propiedades-inmobiliarias\/","title":{"rendered":"Ayudas a la b\u00fasqueda de suelo y propiedades inmobiliarias"},"content":{"rendered":"<div class=\"wpb-content-wrapper\"><p>[vc_row full_width=\u00bbstretch_row_content_no_spaces\u00bb][vc_column]<section class=\"banner\">\n    <div class=\"banner__back\" style=\"background-image: url(https:\/\/www.absolument-angouleme.fr\/wp-content\/uploads\/2019\/12\/molines.jpg);\">\n\t        <\/div>\n    <div class=\"banner__front\">\n        <div class=\"left-panel-border\"><\/div>\n        <div class=\"left-panel\">\n            <h1>B\u00daSQUEDA DE SUELO E INMOBILIARIA<\/h1>\n                        <div class=\"banner__description\">Conozca la oferta del territorio: terrenos, oficinas, almacenes&#8230;<br \/>\n<\/div>\n                    <\/div>\n        <div class=\"breadcrumb-trail\">\n        <p id=\"breadcrumbs\"><span><span><a href=\"https:\/\/www.absolument-angouleme.fr\/es\/\">Accueil<\/a><\/span><\/span><\/p>        <\/div>\n    <\/div>\n<\/section>\n[\/vc_column][\/vc_row][vc_row][vc_column][vc_empty_space height=\u00bb70px\u00bb][\/vc_column][\/vc_row][vc_row][vc_column]\n<section class=\"simple-text-image text-left-img-right\">\n    <figure>\n        <img decoding=\"async\" width=\"1024\" height=\"768\" src=\"https:\/\/www.absolument-angouleme.fr\/wp-content\/uploads\/2019\/12\/IMG_2703-1024x768.jpg\" class=\"attachment-large size-large\" alt=\"\" srcset=\"https:\/\/www.absolument-angouleme.fr\/wp-content\/uploads\/2019\/12\/IMG_2703-1024x768.jpg 1024w, https:\/\/www.absolument-angouleme.fr\/wp-content\/uploads\/2019\/12\/IMG_2703-300x225.jpg 300w, https:\/\/www.absolument-angouleme.fr\/wp-content\/uploads\/2019\/12\/IMG_2703-768x576.jpg 768w\" sizes=\"(max-width: 1024px) 100vw, 1024px\" \/>            <\/figure>\n    <div class=\"text-content\">\n        <h2># B\u00daSQUEDA<\/h2>\n        <div class=\"content\"><strong><span style=\"color: #ff6600;\">El m\u00f3dulo de b\u00fasqueda inmobiliaria y de suelo est\u00e1 actualmente en mantenimiento.<\/span><\/strong><\/p>\n<p>Si necesita hacer una b\u00fasqueda, p\u00f3ngase en contacto con Carine Geffroy, consultora de implantaci\u00f3n de empresas llamando al <strong>05 45 38 89 24<\/strong><\/div>\n    <\/div>\n<\/section>[\/vc_column][\/vc_row][vc_row][vc_column][\/vc_column][\/vc_row]<\/p>\n<\/div>","protected":false},"excerpt":{"rendered":"<p>[vc_row full_width=\u00bbstretch_row_content_no_spaces\u00bb][vc_column][\/vc_column][\/vc_row][vc_row][vc_column][vc_empty_space height=\u00bb70px\u00bb][\/vc_column][\/vc_row][vc_row][vc_column][\/vc_column][\/vc_row][vc_row][vc_column][\/vc_column][\/vc_row]<\/p>\n","protected":false},"author":6,"featured_media":0,"parent":3289,"menu_order":0,"comment_status":"closed","ping_status":"closed","template":"","meta":{"_acf_changed":false,"inline_featured_image":false,"footnotes":""},"class_list":["post-3291","page","type-page","status-publish","hentry"],"acf":[],"yoast_head":"<!-- This site is optimized with the Yoast SEO plugin v24.2 - https:\/\/yoast.com\/wordpress\/plugins\/seo\/ -->\n<title>Ayudas a la b\u00fasqueda de suelo y propiedades inmobiliarias | Absolument Ango\u00fbleme<\/title>\n<meta name=\"robots\" content=\"index, follow, max-snippet:-1, max-image-preview:large, max-video-preview:-1\" \/>\n<link rel=\"canonical\" href=\"https:\/\/www.absolument-angouleme.fr\/entreprendre\/offre-fonciere-immobiliere\/recherche-fonciere-immobilieres\/\" \/>\n<meta property=\"og:locale\" content=\"es_ES\" \/>\n<meta property=\"og:type\" content=\"article\" \/>\n<meta property=\"og:title\" content=\"Ayudas a la b\u00fasqueda de suelo y propiedades inmobiliarias | Absolument Ango\u00fbleme\" \/>\n<meta property=\"og:description\" content=\"[vc_row full_width=\u00bbstretch_row_content_no_spaces\u00bb][vc_column][\/vc_column][\/vc_row][vc_row][vc_column][vc_empty_space height=\u00bb70px\u00bb][\/vc_column][\/vc_row][vc_row][vc_column][\/vc_column][\/vc_row][vc_row][vc_column][\/vc_column][\/vc_row]\" \/>\n<meta property=\"og:url\" content=\"https:\/\/www.absolument-angouleme.fr\/entreprendre\/offre-fonciere-immobiliere\/recherche-fonciere-immobilieres\/\" \/>\n<meta property=\"og:site_name\" content=\"Absolument Ango\u00fbleme\" \/>\n<meta property=\"article:publisher\" content=\"https:\/\/www.facebook.com\/absolumentangouleme\" \/>\n<meta property=\"article:modified_time\" content=\"2020-05-04T14:31:13+00:00\" \/>\n<meta property=\"og:image\" content=\"https:\/\/www.absolument-angouleme.fr\/wp-content\/uploads\/2019\/12\/Absolument-Angouleme_logotype_quadri_4cm.jpg\" \/>\n\t<meta property=\"og:image:width\" content=\"472\" \/>\n\t<meta property=\"og:image:height\" content=\"411\" \/>\n\t<meta property=\"og:image:type\" content=\"image\/jpeg\" \/>\n<meta name=\"twitter:card\" content=\"summary_large_image\" \/>\n<meta name=\"twitter:label1\" content=\"Tiempo de lectura\" \/>\n\t<meta name=\"twitter:data1\" content=\"1 minuto\" \/>\n<script type=\"application\/ld+json\" class=\"yoast-schema-graph\">{\"@context\":\"https:\/\/schema.org\",\"@graph\":[{\"@type\":\"WebPage\",\"@id\":\"https:\/\/www.absolument-angouleme.fr\/entreprendre\/offre-fonciere-immobiliere\/recherche-fonciere-immobilieres\/\",\"url\":\"https:\/\/www.absolument-angouleme.fr\/entreprendre\/offre-fonciere-immobiliere\/recherche-fonciere-immobilieres\/\",\"name\":\"Ayudas a la b\u00fasqueda de suelo y propiedades inmobiliarias | Absolument Ango\u00fbleme\",\"isPartOf\":{\"@id\":\"https:\/\/www.absolument-angouleme.fr\/#website\"},\"datePublished\":\"2020-05-04T14:31:12+00:00\",\"dateModified\":\"2020-05-04T14:31:13+00:00\",\"breadcrumb\":{\"@id\":\"https:\/\/www.absolument-angouleme.fr\/entreprendre\/offre-fonciere-immobiliere\/recherche-fonciere-immobilieres\/#breadcrumb\"},\"inLanguage\":\"es\",\"potentialAction\":[{\"@type\":\"ReadAction\",\"target\":[\"https:\/\/www.absolument-angouleme.fr\/entreprendre\/offre-fonciere-immobiliere\/recherche-fonciere-immobilieres\/\"]}]},{\"@type\":\"BreadcrumbList\",\"@id\":\"https:\/\/www.absolument-angouleme.fr\/entreprendre\/offre-fonciere-immobiliere\/recherche-fonciere-immobilieres\/#breadcrumb\",\"itemListElement\":[{\"@type\":\"ListItem\",\"position\":1,\"name\":\"Accueil\",\"item\":\"https:\/\/www.absolument-angouleme.fr\/es\/\"},{\"@type\":\"ListItem\",\"position\":2,\"name\":\"EMPRENDER\",\"item\":\"https:\/\/www.absolument-angouleme.fr\/entreprendre\/\"},{\"@type\":\"ListItem\",\"position\":3,\"name\":\"OFERTA DE SUELO E INMOBILIARIA\",\"item\":\"https:\/\/www.absolument-angouleme.fr\/entreprendre\/offre-fonciere-immobiliere\/\"},{\"@type\":\"ListItem\",\"position\":4,\"name\":\"Ayudas a la b\u00fasqueda de suelo y propiedades inmobiliarias\"}]},{\"@type\":\"WebSite\",\"@id\":\"https:\/\/www.absolument-angouleme.fr\/#website\",\"url\":\"https:\/\/www.absolument-angouleme.fr\/\",\"name\":\"Absolument Ango\u00fbleme\",\"description\":\"Entreprendre et d\u00e9couvrir !\",\"publisher\":{\"@id\":\"https:\/\/www.absolument-angouleme.fr\/#organization\"},\"potentialAction\":[{\"@type\":\"SearchAction\",\"target\":{\"@type\":\"EntryPoint\",\"urlTemplate\":\"https:\/\/www.absolument-angouleme.fr\/?s={search_term_string}\"},\"query-input\":{\"@type\":\"PropertyValueSpecification\",\"valueRequired\":true,\"valueName\":\"search_term_string\"}}],\"inLanguage\":\"es\"},{\"@type\":\"Organization\",\"@id\":\"https:\/\/www.absolument-angouleme.fr\/#organization\",\"name\":\"Absolument Angoul\u00eame\",\"url\":\"https:\/\/www.absolument-angouleme.fr\/\",\"logo\":{\"@type\":\"ImageObject\",\"inLanguage\":\"es\",\"@id\":\"https:\/\/www.absolument-angouleme.fr\/#\/schema\/logo\/image\/\",\"url\":\"\/wp-content\/uploads\/2019\/12\/Absolument-Angouleme_logotype_quadri_4cm.jpg\",\"contentUrl\":\"\/wp-content\/uploads\/2019\/12\/Absolument-Angouleme_logotype_quadri_4cm.jpg\",\"width\":472,\"height\":411,\"caption\":\"Absolument Angoul\u00eame\"},\"image\":{\"@id\":\"https:\/\/www.absolument-angouleme.fr\/#\/schema\/logo\/image\/\"},\"sameAs\":[\"https:\/\/www.facebook.com\/absolumentangouleme\",\"https:\/\/www.instagram.com\/absolumentangouleme\/\",\"https:\/\/www.linkedin.com\/company\/absolument-angoul\u00eame\/\"]}]}<\/script>\n<!-- \/ Yoast SEO plugin. -->","yoast_head_json":{"title":"Ayudas a la b\u00fasqueda de suelo y propiedades inmobiliarias | Absolument Ango\u00fbleme","robots":{"index":"index","follow":"follow","max-snippet":"max-snippet:-1","max-image-preview":"max-image-preview:large","max-video-preview":"max-video-preview:-1"},"canonical":"https:\/\/www.absolument-angouleme.fr\/entreprendre\/offre-fonciere-immobiliere\/recherche-fonciere-immobilieres\/","og_locale":"es_ES","og_type":"article","og_title":"Ayudas a la b\u00fasqueda de suelo y propiedades inmobiliarias | Absolument Ango\u00fbleme","og_description":"[vc_row full_width=\u00bbstretch_row_content_no_spaces\u00bb][vc_column][\/vc_column][\/vc_row][vc_row][vc_column][vc_empty_space height=\u00bb70px\u00bb][\/vc_column][\/vc_row][vc_row][vc_column][\/vc_column][\/vc_row][vc_row][vc_column][\/vc_column][\/vc_row]","og_url":"https:\/\/www.absolument-angouleme.fr\/entreprendre\/offre-fonciere-immobiliere\/recherche-fonciere-immobilieres\/","og_site_name":"Absolument Ango\u00fbleme","article_publisher":"https:\/\/www.facebook.com\/absolumentangouleme","article_modified_time":"2020-05-04T14:31:13+00:00","og_image":[{"width":472,"height":411,"url":"https:\/\/www.absolument-angouleme.fr\/wp-content\/uploads\/2019\/12\/Absolument-Angouleme_logotype_quadri_4cm.jpg","type":"image\/jpeg"}],"twitter_card":"summary_large_image","twitter_misc":{"Tiempo de lectura":"1 minuto"},"schema":{"@context":"https:\/\/schema.org","@graph":[{"@type":"WebPage","@id":"https:\/\/www.absolument-angouleme.fr\/entreprendre\/offre-fonciere-immobiliere\/recherche-fonciere-immobilieres\/","url":"https:\/\/www.absolument-angouleme.fr\/entreprendre\/offre-fonciere-immobiliere\/recherche-fonciere-immobilieres\/","name":"Ayudas a la b\u00fasqueda de suelo y propiedades inmobiliarias | Absolument Ango\u00fbleme","isPartOf":{"@id":"https:\/\/www.absolument-angouleme.fr\/#website"},"datePublished":"2020-05-04T14:31:12+00:00","dateModified":"2020-05-04T14:31:13+00:00","breadcrumb":{"@id":"https:\/\/www.absolument-angouleme.fr\/entreprendre\/offre-fonciere-immobiliere\/recherche-fonciere-immobilieres\/#breadcrumb"},"inLanguage":"es","potentialAction":[{"@type":"ReadAction","target":["https:\/\/www.absolument-angouleme.fr\/entreprendre\/offre-fonciere-immobiliere\/recherche-fonciere-immobilieres\/"]}]},{"@type":"BreadcrumbList","@id":"https:\/\/www.absolument-angouleme.fr\/entreprendre\/offre-fonciere-immobiliere\/recherche-fonciere-immobilieres\/#breadcrumb","itemListElement":[{"@type":"ListItem","position":1,"name":"Accueil","item":"https:\/\/www.absolument-angouleme.fr\/es\/"},{"@type":"ListItem","position":2,"name":"EMPRENDER","item":"https:\/\/www.absolument-angouleme.fr\/entreprendre\/"},{"@type":"ListItem","position":3,"name":"OFERTA DE SUELO E INMOBILIARIA","item":"https:\/\/www.absolument-angouleme.fr\/entreprendre\/offre-fonciere-immobiliere\/"},{"@type":"ListItem","position":4,"name":"Ayudas a la b\u00fasqueda de suelo y propiedades inmobiliarias"}]},{"@type":"WebSite","@id":"https:\/\/www.absolument-angouleme.fr\/#website","url":"https:\/\/www.absolument-angouleme.fr\/","name":"Absolument Ango\u00fbleme","description":"Entreprendre et d\u00e9couvrir !","publisher":{"@id":"https:\/\/www.absolument-angouleme.fr\/#organization"},"potentialAction":[{"@type":"SearchAction","target":{"@type":"EntryPoint","urlTemplate":"https:\/\/www.absolument-angouleme.fr\/?s={search_term_string}"},"query-input":{"@type":"PropertyValueSpecification","valueRequired":true,"valueName":"search_term_string"}}],"inLanguage":"es"},{"@type":"Organization","@id":"https:\/\/www.absolument-angouleme.fr\/#organization","name":"Absolument Angoul\u00eame","url":"https:\/\/www.absolument-angouleme.fr\/","logo":{"@type":"ImageObject","inLanguage":"es","@id":"https:\/\/www.absolument-angouleme.fr\/#\/schema\/logo\/image\/","url":"\/wp-content\/uploads\/2019\/12\/Absolument-Angouleme_logotype_quadri_4cm.jpg","contentUrl":"\/wp-content\/uploads\/2019\/12\/Absolument-Angouleme_logotype_quadri_4cm.jpg","width":472,"height":411,"caption":"Absolument Angoul\u00eame"},"image":{"@id":"https:\/\/www.absolument-angouleme.fr\/#\/schema\/logo\/image\/"},"sameAs":["https:\/\/www.facebook.com\/absolumentangouleme","https:\/\/www.instagram.com\/absolumentangouleme\/","https:\/\/www.linkedin.com\/company\/absolument-angoul\u00eame\/"]}]}},"_links":{"self":[{"href":"https:\/\/www.absolument-angouleme.fr\/es\/wp-json\/wp\/v2\/pages\/3291","targetHints":{"allow":["GET"]}}],"collection":[{"href":"https:\/\/www.absolument-angouleme.fr\/es\/wp-json\/wp\/v2\/pages"}],"about":[{"href":"https:\/\/www.absolument-angouleme.fr\/es\/wp-json\/wp\/v2\/types\/page"}],"author":[{"embeddable":true,"href":"https:\/\/www.absolument-angouleme.fr\/es\/wp-json\/wp\/v2\/users\/6"}],"replies":[{"embeddable":true,"href":"https:\/\/www.absolument-angouleme.fr\/es\/wp-json\/wp\/v2\/comments?post=3291"}],"version-history":[{"count":0,"href":"https:\/\/www.absolument-angouleme.fr\/es\/wp-json\/wp\/v2\/pages\/3291\/revisions"}],"up":[{"embeddable":true,"href":"https:\/\/www.absolument-angouleme.fr\/es\/wp-json\/wp\/v2\/pages\/3289"}],"wp:attachment":[{"href":"https:\/\/www.absolument-angouleme.fr\/es\/wp-json\/wp\/v2\/media?parent=3291"}],"curies":[{"name":"wp","href":"https:\/\/api.w.org\/{rel}","templated":true}]}}