{"id":3317,"date":"2020-05-18T15:35:50","date_gmt":"2020-05-18T13:35:50","guid":{"rendered":"https:\/\/www.absolument-angouleme.fr\/?page_id=3317"},"modified":"2020-05-18T15:35:51","modified_gmt":"2020-05-18T13:35:51","slug":"grandangouleme-un-territorio-atractivo","status":"publish","type":"page","link":"https:\/\/www.absolument-angouleme.fr\/es\/grandangouleme-un-territorio-atractivo\/","title":{"rendered":"GrandAngoul\u00eame, un territorio atractivo"},"content":{"rendered":"<div class=\"wpb-content-wrapper\"><p>[vc_row full_width=\u00bbstretch_row_content_no_spaces\u00bb][vc_column]<section class=\"banner\">\n    <div class=\"banner__back\" style=\"background-image: url(https:\/\/www.absolument-angouleme.fr\/wp-content\/uploads\/2019\/12\/rempartscielbleu.jpeg);\">\n\t        <\/div>\n    <div class=\"banner__front\">\n        <div class=\"left-panel-border\"><\/div>\n        <div class=\"left-panel\">\n            <h1>VIVIR EN EL SUDOESTE<\/h1>\n                        <div class=\"banner__description\">La alta calidad de vida del sudoeste es una realidad. Vivir en la zona de Angoul\u00eame es una buena decisi\u00f3n. Aproveche la calidez de su sol y su excepcional oferta cultural.<br \/>\n<\/div>\n                    <\/div>\n        <div class=\"breadcrumb-trail\">\n        <p id=\"breadcrumbs\"><span><span><a href=\"https:\/\/www.absolument-angouleme.fr\/es\/\">Accueil<\/a><\/span><\/span><\/p>        <\/div>\n    <\/div>\n<\/section>\n[\/vc_column][\/vc_row][vc_row][vc_column][vc_empty_space height=\u00bb75px\u00bb][\/vc_column][\/vc_row][vc_row][vc_column width=\u00bb1\/3&#8243;][vc_single_image image=\u00bb2735&#8243; img_size=\u00bb130X130&#8243; alignment=\u00bbcenter\u00bb css_animation=\u00bbappear\u00bb][vc_column_text css_animation=\u00bbbottom-to-top\u00bb css=\u00bb.vc_custom_1589808564379{background-position: 0 0 !important;background-repeat: no-repeat !important;}\u00bb]<\/p>\n<p style=\"text-align: center;\"><strong>M\u00c1S DE 2000 HORAS DE SOL AL A\u00d1O<\/strong><\/p>\n<h6 style=\"text-align: center;\"><span style=\"color: #ff6600;\">Venga y disfrute de una vida tranquila y de los rayos de sol<\/span><\/h6>\n<p>[\/vc_column_text][\/vc_column][vc_column width=\u00bb1\/3&#8243;][vc_single_image image=\u00bb2736&#8243; img_size=\u00bb130X130&#8243; alignment=\u00bbcenter\u00bb css_animation=\u00bbappear\u00bb][vc_column_text css_animation=\u00bbbottom-to-top\u00bb css=\u00bb.vc_custom_1589808597813{background-position: 0 0 !important;background-repeat: no-repeat !important;}\u00bb]<\/p>\n<p style=\"text-align: center;\"><span style=\"color: #000000;\"><strong>185 000\u00a0<\/strong><\/span><strong>HABITANTES<\/strong><\/p>\n<h6 style=\"text-align: center;\"><span style=\"color: #ff6600;\">Un territorio a escala humana<\/span><\/h6>\n<p>[\/vc_column_text][\/vc_column][vc_column width=\u00bb1\/3&#8243;][vc_single_image image=\u00bb2750&#8243; img_size=\u00bb130X130&#8243; alignment=\u00bbcenter\u00bb css_animation=\u00bbappear\u00bb][vc_column_text css_animation=\u00bbbottom-to-top\u00bb css=\u00bb.vc_custom_1589808630229{background-position: 0 0 !important;background-repeat: no-repeat !important;}\u00bb]<\/p>\n<p style=\"text-align: center;\"><strong><span style=\"color: #000000;\">65 000\u00a0<\/span>EMPLEOS<\/strong><\/p>\n<h6 style=\"text-align: center;\"><span style=\"color: #ff6600;\">De los cuales, 7000 empleados en las industrias del futuro<\/span><\/h6>\n<p>[\/vc_column_text][\/vc_column][\/vc_row][vc_row][vc_column width=\u00bb1\/3&#8243;][vc_single_image image=\u00bb2731&#8243; img_size=\u00bb130X130&#8243; alignment=\u00bbcenter\u00bb css_animation=\u00bbappear\u00bb][vc_column_text css_animation=\u00bbbottom-to-top\u00bb css=\u00bb.vc_custom_1589808667625{background-position: 0 0 !important;background-repeat: no-repeat !important;}\u00bb]<\/p>\n<p style=\"text-align: center;\"><strong>1.\u00aa METR\u00d3POLIS FRANCESA<span class=\"Apple-converted-space\">\u00a0<\/span><\/strong><\/p>\n<h6 style=\"text-align: center;\"><span style=\"color: #ff6600;\">en t\u00e9rminos de capacidad de atracci\u00f3n y dinamismo: categor\u00eda de ciudad mediana (bar\u00f3metro Arthur Loyd).<\/span><\/h6>\n<p>[\/vc_column_text][\/vc_column][vc_column width=\u00bb1\/3&#8243;][vc_single_image image=\u00bb2730&#8243; img_size=\u00bb130X130&#8243; alignment=\u00bbcenter\u00bb css_animation=\u00bbappear\u00bb][vc_column_text css_animation=\u00bbbottom-to-top\u00bb css=\u00bb.vc_custom_1589808704123{background-position: 0 0 !important;background-repeat: no-repeat !important;}\u00bb]<\/p>\n<p style=\"text-align: center;\"><strong>1330\u00a0\u20ac EL M\u00b2 FRENTE A LOS 9209\u00a0\u20ac DE PAR\u00cdS<\/strong><\/p>\n<h6 style=\"text-align: center;\"><span style=\"color: #ff6600;\">Precios atractivos para comprar (fuente: Atlas GrandAngoul\u00eame \/ Bar\u00f3metro BPI Se Loger)<\/span><\/h6>\n<p>[\/vc_column_text][\/vc_column][vc_column width=\u00bb1\/3&#8243;][vc_single_image image=\u00bb2762&#8243; img_size=\u00bb130X130&#8243; alignment=\u00bbcenter\u00bb css_animation=\u00bbappear\u00bb][vc_column_text css_animation=\u00bbbottom-to-top\u00bb css=\u00bb.vc_custom_1589808739616{background-position: 0 0 !important;background-repeat: no-repeat !important;}\u00bb]<\/p>\n<p style=\"text-align: center;\"><strong>800 EVENTOS CULTURALES AL A\u00d1O<\/strong><\/p>\n<h6 style=\"text-align: center;\"><span style=\"color: #ff6600;\">Una nutrida oferta de ocio<span class=\"Apple-converted-space\">\u00a0<\/span><\/span><\/h6>\n<p>[\/vc_column_text][\/vc_column][\/vc_row][vc_row][vc_column width=\u00bb1\/3&#8243;][vc_single_image image=\u00bb2739&#8243; img_size=\u00bbmedium\u00bb alignment=\u00bbcenter\u00bb css_animation=\u00bbappear\u00bb][vc_column_text css_animation=\u00bbbottom-to-top\u00bb css=\u00bb.vc_custom_1589808814148{background-position: 0 0 !important;background-repeat: no-repeat !important;}\u00bb]<\/p>\n<p style=\"text-align: center;\"><strong>A 1:43\u00a0h DE PAR\u00cdS Y A 35 MIN DE BURDEOS<\/strong><\/p>\n<h6 style=\"text-align: center;\"><span style=\"color: #ff6600;\">Trayectos f\u00e1ciles y r\u00e1pidos<\/span><\/h6>\n<p>[\/vc_column_text][\/vc_column][vc_column width=\u00bb1\/3&#8243;][vc_single_image image=\u00bb2734&#8243; img_size=\u00bb130X130&#8243; alignment=\u00bbcenter\u00bb css_animation=\u00bbappear\u00bb][vc_column_text css_animation=\u00bbbottom-to-top\u00bb css=\u00bb.vc_custom_1589808864061{background-position: 0 0 !important;background-repeat: no-repeat !important;}\u00bb]<\/p>\n<p style=\"text-align: center;\"><strong>M\u00c1S DE 5000 ESTUDIANTES DE CICLO SUPERIOR<\/strong><\/p>\n<h6 style=\"text-align: center;\"><span style=\"color: #ff6600;\">Una amplia oferta formativa y una cantera de talentos para nuestras empresas<\/span><\/h6>\n<p>[\/vc_column_text][\/vc_column][vc_column width=\u00bb1\/3&#8243;][vc_single_image image=\u00bb2729&#8243; img_size=\u00bb130X130&#8243; alignment=\u00bbcenter\u00bb css_animation=\u00bbappear\u00bb][vc_column_text css_animation=\u00bbbottom-to-top\u00bb css=\u00bb.vc_custom_1589808946816{background-position: 0 0 !important;background-repeat: no-repeat !important;}\u00bb]<\/p>\n<p style=\"text-align: center;\"><strong>350\u00a0KM DE SENDEROS Y V\u00cdAS VERDES<span class=\"Apple-converted-space\">\u00a0<\/span><\/strong><\/p>\n<h6 style=\"text-align: center;\"><span style=\"color: #ff6600;\">Una amplia oferta formativa y una cantera de talentos para nuestras empresas<\/span><\/h6>\n<p>[\/vc_column_text][\/vc_column][\/vc_row][vc_row][vc_column][vc_empty_space height=\u00bb75px\u00bb]<section class=\"full-video\">\n    <video muted\n           autoplay\n           loop\n           playsinline\n           preload=\"auto\"\n           poster=\"https:\/\/www.absolument-angouleme.fr\/wp-content\/uploads\/2019\/07\/fleuve_charente_poster.png\" >\n        <source\n                src=\"https:\/\/www.absolument-angouleme.fr\/wp-content\/uploads\/2019\/07\/chais-magelis-21.mp4\"\n                type=\"video\/mp4\">\n        <source\n                src=\"\"\n                type=\"\">\n        <source\n                src=\"\"\n                type=\"\">\n        Votre navigateur ne permet pas de lire les vid\u00e9os HTML5, veuillez le mettre \u00e0 jour.\n    <\/video>\n    <\/section>[vc_empty_space height=\u00bb75px\u00bb][\/vc_column][\/vc_row]<\/p>\n<\/div>","protected":false},"excerpt":{"rendered":"<p>[vc_row full_width=\u00bbstretch_row_content_no_spaces\u00bb][vc_column][\/vc_column][\/vc_row][vc_row][vc_column][vc_empty_space height=\u00bb75px\u00bb][\/vc_column][\/vc_row][vc_row][vc_column width=\u00bb1\/3&#8243;][vc_single_image image=\u00bb2735&#8243; img_size=\u00bb130X130&#8243; alignment=\u00bbcenter\u00bb css_animation=\u00bbappear\u00bb][vc_column_text css_animation=\u00bbbottom-to-top\u00bb css=\u00bb.vc_custom_1589808564379{background-position: 0 0 !important;background-repeat: no-repeat !important;}\u00bb] M\u00c1S DE 2000 HORAS DE SOL AL A\u00d1O Venga y disfrute de una vida tranquila y de los rayos de sol [\/vc_column_text][\/vc_column][vc_column width=\u00bb1\/3&#8243;][vc_single_image image=\u00bb2736&#8243; img_size=\u00bb130X130&#8243; alignment=\u00bbcenter\u00bb css_animation=\u00bbappear\u00bb][vc_column_text css_animation=\u00bbbottom-to-top\u00bb css=\u00bb.vc_custom_1589808597813{background-position: 0 0 !important;background-repeat: no-repeat !important;}\u00bb] 185 000\u00a0HABITANTES Un territorio a escala [&hellip;]<\/p>\n","protected":false},"author":6,"featured_media":0,"parent":0,"menu_order":0,"comment_status":"closed","ping_status":"closed","template":"","meta":{"_acf_changed":false,"inline_featured_image":false,"footnotes":""},"class_list":["post-3317","page","type-page","status-publish","hentry"],"acf":[],"yoast_head":"<!-- This site is optimized with the Yoast SEO plugin v24.2 - https:\/\/yoast.com\/wordpress\/plugins\/seo\/ -->\n<title>GrandAngoul\u00eame, un territorio atractivo | Absolument Ango\u00fbleme<\/title>\n<meta name=\"robots\" content=\"index, follow, max-snippet:-1, max-image-preview:large, max-video-preview:-1\" \/>\n<link rel=\"canonical\" href=\"https:\/\/www.absolument-angouleme.fr\/grand-angouleme-territoire-attractif\/\" \/>\n<meta property=\"og:locale\" content=\"es_ES\" \/>\n<meta property=\"og:type\" content=\"article\" \/>\n<meta property=\"og:title\" content=\"GrandAngoul\u00eame, un territorio atractivo | Absolument Ango\u00fbleme\" \/>\n<meta property=\"og:description\" content=\"[vc_row full_width=\u00bbstretch_row_content_no_spaces\u00bb][vc_column][\/vc_column][\/vc_row][vc_row][vc_column][vc_empty_space height=\u00bb75px\u00bb][\/vc_column][\/vc_row][vc_row][vc_column width=\u00bb1\/3&#8243;][vc_single_image image=\u00bb2735&#8243; img_size=\u00bb130X130&#8243; alignment=\u00bbcenter\u00bb css_animation=\u00bbappear\u00bb][vc_column_text css_animation=\u00bbbottom-to-top\u00bb css=\u00bb.vc_custom_1589808564379{background-position: 0 0 !important;background-repeat: no-repeat !important;}\u00bb] M\u00c1S DE 2000 HORAS DE SOL AL A\u00d1O Venga y disfrute de una vida tranquila y de los rayos de sol [\/vc_column_text][\/vc_column][vc_column width=\u00bb1\/3&#8243;][vc_single_image image=\u00bb2736&#8243; img_size=\u00bb130X130&#8243; alignment=\u00bbcenter\u00bb css_animation=\u00bbappear\u00bb][vc_column_text css_animation=\u00bbbottom-to-top\u00bb css=\u00bb.vc_custom_1589808597813{background-position: 0 0 !important;background-repeat: no-repeat !important;}\u00bb] 185 000\u00a0HABITANTES Un territorio a escala [&hellip;]\" \/>\n<meta property=\"og:url\" content=\"https:\/\/www.absolument-angouleme.fr\/grand-angouleme-territoire-attractif\/\" \/>\n<meta property=\"og:site_name\" content=\"Absolument Ango\u00fbleme\" \/>\n<meta property=\"article:publisher\" content=\"https:\/\/www.facebook.com\/absolumentangouleme\" \/>\n<meta property=\"article:modified_time\" content=\"2020-05-18T13:35:51+00:00\" \/>\n<meta property=\"og:image\" content=\"https:\/\/www.absolument-angouleme.fr\/wp-content\/uploads\/2019\/12\/Absolument-Angouleme_logotype_quadri_4cm.jpg\" \/>\n\t<meta property=\"og:image:width\" content=\"472\" \/>\n\t<meta property=\"og:image:height\" content=\"411\" \/>\n\t<meta property=\"og:image:type\" content=\"image\/jpeg\" \/>\n<meta name=\"twitter:card\" content=\"summary_large_image\" \/>\n<meta name=\"twitter:label1\" content=\"Tiempo de lectura\" \/>\n\t<meta name=\"twitter:data1\" content=\"3 minutos\" \/>\n<script type=\"application\/ld+json\" class=\"yoast-schema-graph\">{\"@context\":\"https:\/\/schema.org\",\"@graph\":[{\"@type\":\"WebPage\",\"@id\":\"https:\/\/www.absolument-angouleme.fr\/grand-angouleme-territoire-attractif\/\",\"url\":\"https:\/\/www.absolument-angouleme.fr\/grand-angouleme-territoire-attractif\/\",\"name\":\"GrandAngoul\u00eame, un territorio atractivo | Absolument Ango\u00fbleme\",\"isPartOf\":{\"@id\":\"https:\/\/www.absolument-angouleme.fr\/#website\"},\"datePublished\":\"2020-05-18T13:35:50+00:00\",\"dateModified\":\"2020-05-18T13:35:51+00:00\",\"breadcrumb\":{\"@id\":\"https:\/\/www.absolument-angouleme.fr\/grand-angouleme-territoire-attractif\/#breadcrumb\"},\"inLanguage\":\"es\",\"potentialAction\":[{\"@type\":\"ReadAction\",\"target\":[\"https:\/\/www.absolument-angouleme.fr\/grand-angouleme-territoire-attractif\/\"]}]},{\"@type\":\"BreadcrumbList\",\"@id\":\"https:\/\/www.absolument-angouleme.fr\/grand-angouleme-territoire-attractif\/#breadcrumb\",\"itemListElement\":[{\"@type\":\"ListItem\",\"position\":1,\"name\":\"Accueil\",\"item\":\"https:\/\/www.absolument-angouleme.fr\/es\/\"},{\"@type\":\"ListItem\",\"position\":2,\"name\":\"GrandAngoul\u00eame, un territorio atractivo\"}]},{\"@type\":\"WebSite\",\"@id\":\"https:\/\/www.absolument-angouleme.fr\/#website\",\"url\":\"https:\/\/www.absolument-angouleme.fr\/\",\"name\":\"Absolument Ango\u00fbleme\",\"description\":\"Entreprendre et d\u00e9couvrir !\",\"publisher\":{\"@id\":\"https:\/\/www.absolument-angouleme.fr\/#organization\"},\"potentialAction\":[{\"@type\":\"SearchAction\",\"target\":{\"@type\":\"EntryPoint\",\"urlTemplate\":\"https:\/\/www.absolument-angouleme.fr\/?s={search_term_string}\"},\"query-input\":{\"@type\":\"PropertyValueSpecification\",\"valueRequired\":true,\"valueName\":\"search_term_string\"}}],\"inLanguage\":\"es\"},{\"@type\":\"Organization\",\"@id\":\"https:\/\/www.absolument-angouleme.fr\/#organization\",\"name\":\"Absolument Angoul\u00eame\",\"url\":\"https:\/\/www.absolument-angouleme.fr\/\",\"logo\":{\"@type\":\"ImageObject\",\"inLanguage\":\"es\",\"@id\":\"https:\/\/www.absolument-angouleme.fr\/#\/schema\/logo\/image\/\",\"url\":\"\/wp-content\/uploads\/2019\/12\/Absolument-Angouleme_logotype_quadri_4cm.jpg\",\"contentUrl\":\"\/wp-content\/uploads\/2019\/12\/Absolument-Angouleme_logotype_quadri_4cm.jpg\",\"width\":472,\"height\":411,\"caption\":\"Absolument Angoul\u00eame\"},\"image\":{\"@id\":\"https:\/\/www.absolument-angouleme.fr\/#\/schema\/logo\/image\/\"},\"sameAs\":[\"https:\/\/www.facebook.com\/absolumentangouleme\",\"https:\/\/www.instagram.com\/absolumentangouleme\/\",\"https:\/\/www.linkedin.com\/company\/absolument-angoul\u00eame\/\"]}]}<\/script>\n<!-- \/ Yoast SEO plugin. -->","yoast_head_json":{"title":"GrandAngoul\u00eame, un territorio atractivo | Absolument Ango\u00fbleme","robots":{"index":"index","follow":"follow","max-snippet":"max-snippet:-1","max-image-preview":"max-image-preview:large","max-video-preview":"max-video-preview:-1"},"canonical":"https:\/\/www.absolument-angouleme.fr\/grand-angouleme-territoire-attractif\/","og_locale":"es_ES","og_type":"article","og_title":"GrandAngoul\u00eame, un territorio atractivo | Absolument Ango\u00fbleme","og_description":"[vc_row full_width=\u00bbstretch_row_content_no_spaces\u00bb][vc_column][\/vc_column][\/vc_row][vc_row][vc_column][vc_empty_space height=\u00bb75px\u00bb][\/vc_column][\/vc_row][vc_row][vc_column width=\u00bb1\/3&#8243;][vc_single_image image=\u00bb2735&#8243; img_size=\u00bb130X130&#8243; alignment=\u00bbcenter\u00bb css_animation=\u00bbappear\u00bb][vc_column_text css_animation=\u00bbbottom-to-top\u00bb css=\u00bb.vc_custom_1589808564379{background-position: 0 0 !important;background-repeat: no-repeat !important;}\u00bb] M\u00c1S DE 2000 HORAS DE SOL AL A\u00d1O Venga y disfrute de una vida tranquila y de los rayos de sol [\/vc_column_text][\/vc_column][vc_column width=\u00bb1\/3&#8243;][vc_single_image image=\u00bb2736&#8243; img_size=\u00bb130X130&#8243; alignment=\u00bbcenter\u00bb css_animation=\u00bbappear\u00bb][vc_column_text css_animation=\u00bbbottom-to-top\u00bb css=\u00bb.vc_custom_1589808597813{background-position: 0 0 !important;background-repeat: no-repeat !important;}\u00bb] 185 000\u00a0HABITANTES Un territorio a escala [&hellip;]","og_url":"https:\/\/www.absolument-angouleme.fr\/grand-angouleme-territoire-attractif\/","og_site_name":"Absolument Ango\u00fbleme","article_publisher":"https:\/\/www.facebook.com\/absolumentangouleme","article_modified_time":"2020-05-18T13:35:51+00:00","og_image":[{"width":472,"height":411,"url":"https:\/\/www.absolument-angouleme.fr\/wp-content\/uploads\/2019\/12\/Absolument-Angouleme_logotype_quadri_4cm.jpg","type":"image\/jpeg"}],"twitter_card":"summary_large_image","twitter_misc":{"Tiempo de lectura":"3 minutos"},"schema":{"@context":"https:\/\/schema.org","@graph":[{"@type":"WebPage","@id":"https:\/\/www.absolument-angouleme.fr\/grand-angouleme-territoire-attractif\/","url":"https:\/\/www.absolument-angouleme.fr\/grand-angouleme-territoire-attractif\/","name":"GrandAngoul\u00eame, un territorio atractivo | Absolument Ango\u00fbleme","isPartOf":{"@id":"https:\/\/www.absolument-angouleme.fr\/#website"},"datePublished":"2020-05-18T13:35:50+00:00","dateModified":"2020-05-18T13:35:51+00:00","breadcrumb":{"@id":"https:\/\/www.absolument-angouleme.fr\/grand-angouleme-territoire-attractif\/#breadcrumb"},"inLanguage":"es","potentialAction":[{"@type":"ReadAction","target":["https:\/\/www.absolument-angouleme.fr\/grand-angouleme-territoire-attractif\/"]}]},{"@type":"BreadcrumbList","@id":"https:\/\/www.absolument-angouleme.fr\/grand-angouleme-territoire-attractif\/#breadcrumb","itemListElement":[{"@type":"ListItem","position":1,"name":"Accueil","item":"https:\/\/www.absolument-angouleme.fr\/es\/"},{"@type":"ListItem","position":2,"name":"GrandAngoul\u00eame, un territorio atractivo"}]},{"@type":"WebSite","@id":"https:\/\/www.absolument-angouleme.fr\/#website","url":"https:\/\/www.absolument-angouleme.fr\/","name":"Absolument Ango\u00fbleme","description":"Entreprendre et d\u00e9couvrir !","publisher":{"@id":"https:\/\/www.absolument-angouleme.fr\/#organization"},"potentialAction":[{"@type":"SearchAction","target":{"@type":"EntryPoint","urlTemplate":"https:\/\/www.absolument-angouleme.fr\/?s={search_term_string}"},"query-input":{"@type":"PropertyValueSpecification","valueRequired":true,"valueName":"search_term_string"}}],"inLanguage":"es"},{"@type":"Organization","@id":"https:\/\/www.absolument-angouleme.fr\/#organization","name":"Absolument Angoul\u00eame","url":"https:\/\/www.absolument-angouleme.fr\/","logo":{"@type":"ImageObject","inLanguage":"es","@id":"https:\/\/www.absolument-angouleme.fr\/#\/schema\/logo\/image\/","url":"\/wp-content\/uploads\/2019\/12\/Absolument-Angouleme_logotype_quadri_4cm.jpg","contentUrl":"\/wp-content\/uploads\/2019\/12\/Absolument-Angouleme_logotype_quadri_4cm.jpg","width":472,"height":411,"caption":"Absolument Angoul\u00eame"},"image":{"@id":"https:\/\/www.absolument-angouleme.fr\/#\/schema\/logo\/image\/"},"sameAs":["https:\/\/www.facebook.com\/absolumentangouleme","https:\/\/www.instagram.com\/absolumentangouleme\/","https:\/\/www.linkedin.com\/company\/absolument-angoul\u00eame\/"]}]}},"_links":{"self":[{"href":"https:\/\/www.absolument-angouleme.fr\/es\/wp-json\/wp\/v2\/pages\/3317","targetHints":{"allow":["GET"]}}],"collection":[{"href":"https:\/\/www.absolument-angouleme.fr\/es\/wp-json\/wp\/v2\/pages"}],"about":[{"href":"https:\/\/www.absolument-angouleme.fr\/es\/wp-json\/wp\/v2\/types\/page"}],"author":[{"embeddable":true,"href":"https:\/\/www.absolument-angouleme.fr\/es\/wp-json\/wp\/v2\/users\/6"}],"replies":[{"embeddable":true,"href":"https:\/\/www.absolument-angouleme.fr\/es\/wp-json\/wp\/v2\/comments?post=3317"}],"version-history":[{"count":0,"href":"https:\/\/www.absolument-angouleme.fr\/es\/wp-json\/wp\/v2\/pages\/3317\/revisions"}],"wp:attachment":[{"href":"https:\/\/www.absolument-angouleme.fr\/es\/wp-json\/wp\/v2\/media?parent=3317"}],"curies":[{"name":"wp","href":"https:\/\/api.w.org\/{rel}","templated":true}]}}