{"id":3325,"date":"2020-05-18T15:59:08","date_gmt":"2020-05-18T13:59:08","guid":{"rendered":"https:\/\/www.absolument-angouleme.fr\/?page_id=3325"},"modified":"2020-05-18T15:59:08","modified_gmt":"2020-05-18T13:59:08","slug":"ayudas-para-la-renovacion-de-viviendas","status":"publish","type":"page","link":"https:\/\/www.absolument-angouleme.fr\/es\/investir\/ayudas-para-la-renovacion-de-viviendas\/","title":{"rendered":"Ayudas para la renovaci\u00f3n de viviendas"},"content":{"rendered":"<div class=\"wpb-content-wrapper\"><p>[vc_row full_width=\u00bbstretch_row_content_no_spaces\u00bb][vc_column]<section class=\"banner\">\n    <div class=\"banner__back\" style=\"background-image: url(https:\/\/www.absolument-angouleme.fr\/wp-content\/uploads\/2019\/11\/immeublesangouleme.jpeg);\">\n\t        <\/div>\n    <div class=\"banner__front\">\n        <div class=\"left-panel-border\"><\/div>\n        <div class=\"left-panel\">\n            <h1>Ayudas para la renovaci\u00f3n de viviendas<\/h1>\n                    <\/div>\n        <div class=\"breadcrumb-trail\">\n        <p id=\"breadcrumbs\"><span><span><a href=\"https:\/\/www.absolument-angouleme.fr\/es\/\">Accueil<\/a><\/span><\/span><\/p>        <\/div>\n    <\/div>\n<\/section>\n[\/vc_column][\/vc_row][vc_row][vc_column][vc_empty_space height=\u00bb75px\u00bb]\n<section class=\"simple-text-image text-left-img-right\">\n    <figure>\n        <img decoding=\"async\" width=\"1024\" height=\"484\" src=\"https:\/\/www.absolument-angouleme.fr\/wp-content\/uploads\/2019\/09\/visuel_angouleme_HP_site_banque_image-1024x484.png\" class=\"attachment-large size-large\" alt=\"\" srcset=\"https:\/\/www.absolument-angouleme.fr\/wp-content\/uploads\/2019\/09\/visuel_angouleme_HP_site_banque_image-1024x484.png 1024w, https:\/\/www.absolument-angouleme.fr\/wp-content\/uploads\/2019\/09\/visuel_angouleme_HP_site_banque_image-300x142.png 300w, https:\/\/www.absolument-angouleme.fr\/wp-content\/uploads\/2019\/09\/visuel_angouleme_HP_site_banque_image-768x363.png 768w, https:\/\/www.absolument-angouleme.fr\/wp-content\/uploads\/2019\/09\/visuel_angouleme_HP_site_banque_image.png 1270w\" sizes=\"(max-width: 1024px) 100vw, 1024px\" \/>            <\/figure>\n    <div class=\"text-content\">\n        <h2>Invertir en el patrimonio del centro de la ciudad<\/h2>\n        <div class=\"content\"><\/p>\n<div class=\"text-overlap-container\">\n<div class=\"text-overlap-content\">\n<p>El ayuntamiento de Angoul\u00eame despliega una operaci\u00f3n programada de mejora de la vivienda para la renovaci\u00f3n urbana \u00ab<b>Op\u00e9ration Programm\u00e9e d\u2019Am\u00e9lioration de l\u2019Habitat de Renouvellement Urbain\u00bb<\/b> (OPAH-RU) en colaboraci\u00f3n con la Agencia Nacional de la Vivienda (ANAH), la comunidad urbana de GrandAngoul\u00eame y el Departamento de la Charente para <b>ayudarle a renovar su vivienda e invertir en el patrimonio del centro de la ciudad. Ayudas para rehabilitar el patrimonio privado.<span class=\"Apple-converted-space\">\u00a0<\/span><\/b><\/p>\n<p><b>Un programa ambicioso: <\/b><span style=\"color: #ff6600;\"><b>\u00a15,8 millones de euros disponibles en ayudas!<\/b><\/span><\/p>\n<\/div>\n<\/div>\n<p><\/div>\n    <\/div>\n<\/section>[\/vc_column][\/vc_row][vc_row][vc_column]<section class=\"grid-text\">\n    <div class=\"grid-text-item gtt-1-col\">\n        <h3># \u00bfQu\u00e9 es una OPAH-RU?<\/h3>\n        <p>La Operaci\u00f3n Programada de Mejora de la Vivienda para la Renovaci\u00f3n Urbana (2017-2021) es un programa de rehabilitaci\u00f3n de viviendas antiguas. Este dispositivo ofrece ayudas financieras y asesoramiento (administrativo, t\u00e9cnico y financiero) a los inversores y propietarios a fin de promover la comercializaci\u00f3n de viviendas vac\u00edas y la realizaci\u00f3n de obras en las viviendas. \n<\/p>\n    <\/div>\n    <div class=\"grid-text-item gtt-1-col\">\n        <h3># Los objetivos<\/h3>\n        <p>- Mejorar las condiciones de vida de sus ocupantes (viviendas indignas, precariedad energ\u00e9tica, adaptaci\u00f3n de la vivienda a personas con discapacidad o al envejecimiento).\u2028 <br>\n- Favorecer la entrada de viviendas en estado ruinoso al mercado del alquiler.<\/p>\n    <\/div>\n    <div class=\"grid-text-item gtt-1-col\">\n        <h3># \u00bfQui\u00e9n se puede beneficiar?<\/h3>\n        <p>- Los propietarios ocupantes. <br>\n\u2028- Los propietarios arrendadores: rehabilitaci\u00f3n o adquisici\u00f3n-mejora.<\/p>\n    <\/div>\n    <div class=\"grid-text-item gtt-1-col\">\n        <h3># Disposiciones comunes<\/h3>\n        <p>\u2022 El alquiler debe estar situado en un per\u00edmetro determinado y haber finalizado desde hace m\u00e1s de 15 a\u00f1os.\u2028 <br>\n\u2022 Las obras deben estar relacionadas con una de las tem\u00e1ticas de la OPAH: ahorro energ\u00e9tico, adaptaci\u00f3n de la vivienda a personas con discapacidad o al envejecimiento.<br>\n\u2028\u2022 El destino de la vivienda debe ser el de domicilio habitual. <br>\n\u2028\u2022 Las obras deben ser ejecutadas por profesionales de la construcci\u00f3n.<\/p>\n    <\/div>\n<\/section>[\/vc_column][\/vc_row][vc_row content_placement=\u00bbmiddle\u00bb][vc_column][vc_text_separator title=\u00bbPARA M\u00c1S INFORMACI\u00d3N\u00bb i_icon_fontawesome=\u00bbfa fa-phone\u00bb i_color=\u00bbpink\u00bb color=\u00bbpink\u00bb add_icon=\u00bbtrue\u00bb][\/vc_column][\/vc_row][vc_row][vc_column width=\u00bb1\/2&#8243;][vc_wp_text]<a href=\"https:\/\/extranet.grandangouleme.fr\/wp-content\/uploads\/2019\/11\/,DanaInfo=absolument-angouleme.local,SSL+Fiche-pratique-CDV-VIVRE_VF_072019.pdf\">Descargar el folleto del Ayuntamiento de Angoul\u00eame<\/a><\/p>\n<p>director del proyecto \u00abAction C\u0153ur de Ville\u00bb<span class=\"Apple-converted-space\">\u00a0<\/span><\/p>\n<p><a href=\"mailto:j.tenera@mairie-angouleme.fr\">j.tenera@mairie-angouleme.fr<\/a><br \/>\n05 45 38 71 08[\/vc_wp_text][\/vc_column][vc_column width=\u00bb1\/2&#8243;][vc_wp_text]Asistencia SOLIHA H\u00f4tel de Ville,<br \/>\n<a href=\"mailto:amelioration-habitat@mairie-angouleme.fr\">amelioration-habitat@mairie-angouleme.fr<\/a><br \/>\n05 45 38 93 16[\/vc_wp_text][\/vc_column][\/vc_row]<\/p>\n<\/div>","protected":false},"excerpt":{"rendered":"<p>[vc_row full_width=\u00bbstretch_row_content_no_spaces\u00bb][vc_column][\/vc_column][\/vc_row][vc_row][vc_column][vc_empty_space height=\u00bb75px\u00bb][\/vc_column][\/vc_row][vc_row][vc_column][\/vc_column][\/vc_row][vc_row content_placement=\u00bbmiddle\u00bb][vc_column][vc_text_separator title=\u00bbPARA M\u00c1S INFORMACI\u00d3N\u00bb i_icon_fontawesome=\u00bbfa fa-phone\u00bb i_color=\u00bbpink\u00bb color=\u00bbpink\u00bb add_icon=\u00bbtrue\u00bb][\/vc_column][\/vc_row][vc_row][vc_column width=\u00bb1\/2&#8243;][vc_wp_text]Descargar el folleto del Ayuntamiento de Angoul\u00eame director del proyecto \u00abAction C\u0153ur de Ville\u00bb\u00a0 j.tenera@mairie-angouleme.fr 05 45 38 71 08[\/vc_wp_text][\/vc_column][vc_column width=\u00bb1\/2&#8243;][vc_wp_text]Asistencia SOLIHA H\u00f4tel de Ville, amelioration-habitat@mairie-angouleme.fr 05 45 38 93 16[\/vc_wp_text][\/vc_column][\/vc_row]<\/p>\n","protected":false},"author":6,"featured_media":0,"parent":3322,"menu_order":0,"comment_status":"closed","ping_status":"closed","template":"","meta":{"_acf_changed":false,"inline_featured_image":false,"footnotes":""},"class_list":["post-3325","page","type-page","status-publish","hentry"],"acf":[],"yoast_head":"<!-- This site is optimized with the Yoast SEO plugin v24.2 - https:\/\/yoast.com\/wordpress\/plugins\/seo\/ -->\n<title>Ayudas para la renovaci\u00f3n de viviendas | Absolument Ango\u00fbleme<\/title>\n<meta name=\"robots\" content=\"index, follow, max-snippet:-1, max-image-preview:large, max-video-preview:-1\" \/>\n<link rel=\"canonical\" href=\"https:\/\/www.absolument-angouleme.fr\/investir\/renovation-logements\/\" \/>\n<meta property=\"og:locale\" content=\"es_ES\" \/>\n<meta property=\"og:type\" content=\"article\" \/>\n<meta property=\"og:title\" content=\"Ayudas para la renovaci\u00f3n de viviendas | Absolument Ango\u00fbleme\" \/>\n<meta property=\"og:description\" content=\"[vc_row full_width=\u00bbstretch_row_content_no_spaces\u00bb][vc_column][\/vc_column][\/vc_row][vc_row][vc_column][vc_empty_space height=\u00bb75px\u00bb][\/vc_column][\/vc_row][vc_row][vc_column][\/vc_column][\/vc_row][vc_row content_placement=\u00bbmiddle\u00bb][vc_column][vc_text_separator title=\u00bbPARA M\u00c1S INFORMACI\u00d3N\u00bb i_icon_fontawesome=\u00bbfa fa-phone\u00bb i_color=\u00bbpink\u00bb color=\u00bbpink\u00bb add_icon=\u00bbtrue\u00bb][\/vc_column][\/vc_row][vc_row][vc_column width=\u00bb1\/2&#8243;][vc_wp_text]Descargar el folleto del Ayuntamiento de Angoul\u00eame director del proyecto \u00abAction C\u0153ur de Ville\u00bb\u00a0 j.tenera@mairie-angouleme.fr 05 45 38 71 08[\/vc_wp_text][\/vc_column][vc_column width=\u00bb1\/2&#8243;][vc_wp_text]Asistencia SOLIHA H\u00f4tel de Ville, amelioration-habitat@mairie-angouleme.fr 05 45 38 93 16[\/vc_wp_text][\/vc_column][\/vc_row]\" \/>\n<meta property=\"og:url\" content=\"https:\/\/www.absolument-angouleme.fr\/investir\/renovation-logements\/\" \/>\n<meta property=\"og:site_name\" content=\"Absolument Ango\u00fbleme\" \/>\n<meta property=\"article:publisher\" content=\"https:\/\/www.facebook.com\/absolumentangouleme\" \/>\n<meta property=\"og:image\" content=\"https:\/\/www.absolument-angouleme.fr\/wp-content\/uploads\/2019\/12\/Absolument-Angouleme_logotype_quadri_4cm.jpg\" \/>\n\t<meta property=\"og:image:width\" content=\"472\" \/>\n\t<meta property=\"og:image:height\" content=\"411\" \/>\n\t<meta property=\"og:image:type\" content=\"image\/jpeg\" \/>\n<meta name=\"twitter:card\" content=\"summary_large_image\" \/>\n<meta name=\"twitter:label1\" content=\"Tiempo de lectura\" \/>\n\t<meta name=\"twitter:data1\" content=\"3 minutos\" \/>\n<script type=\"application\/ld+json\" class=\"yoast-schema-graph\">{\"@context\":\"https:\/\/schema.org\",\"@graph\":[{\"@type\":\"WebPage\",\"@id\":\"https:\/\/www.absolument-angouleme.fr\/investir\/renovation-logements\/\",\"url\":\"https:\/\/www.absolument-angouleme.fr\/investir\/renovation-logements\/\",\"name\":\"Ayudas para la renovaci\u00f3n de viviendas | Absolument Ango\u00fbleme\",\"isPartOf\":{\"@id\":\"https:\/\/www.absolument-angouleme.fr\/#website\"},\"datePublished\":\"2020-05-18T13:59:08+00:00\",\"dateModified\":\"2020-05-18T13:59:08+00:00\",\"breadcrumb\":{\"@id\":\"https:\/\/www.absolument-angouleme.fr\/investir\/renovation-logements\/#breadcrumb\"},\"inLanguage\":\"es\",\"potentialAction\":[{\"@type\":\"ReadAction\",\"target\":[\"https:\/\/www.absolument-angouleme.fr\/investir\/renovation-logements\/\"]}]},{\"@type\":\"BreadcrumbList\",\"@id\":\"https:\/\/www.absolument-angouleme.fr\/investir\/renovation-logements\/#breadcrumb\",\"itemListElement\":[{\"@type\":\"ListItem\",\"position\":1,\"name\":\"Accueil\",\"item\":\"https:\/\/www.absolument-angouleme.fr\/es\/\"},{\"@type\":\"ListItem\",\"position\":2,\"name\":\"INVESTIR\",\"item\":\"https:\/\/www.absolument-angouleme.fr\/investir\/\"},{\"@type\":\"ListItem\",\"position\":3,\"name\":\"Ayudas para la renovaci\u00f3n de viviendas\"}]},{\"@type\":\"WebSite\",\"@id\":\"https:\/\/www.absolument-angouleme.fr\/#website\",\"url\":\"https:\/\/www.absolument-angouleme.fr\/\",\"name\":\"Absolument Ango\u00fbleme\",\"description\":\"Entreprendre et d\u00e9couvrir !\",\"publisher\":{\"@id\":\"https:\/\/www.absolument-angouleme.fr\/#organization\"},\"potentialAction\":[{\"@type\":\"SearchAction\",\"target\":{\"@type\":\"EntryPoint\",\"urlTemplate\":\"https:\/\/www.absolument-angouleme.fr\/?s={search_term_string}\"},\"query-input\":{\"@type\":\"PropertyValueSpecification\",\"valueRequired\":true,\"valueName\":\"search_term_string\"}}],\"inLanguage\":\"es\"},{\"@type\":\"Organization\",\"@id\":\"https:\/\/www.absolument-angouleme.fr\/#organization\",\"name\":\"Absolument Angoul\u00eame\",\"url\":\"https:\/\/www.absolument-angouleme.fr\/\",\"logo\":{\"@type\":\"ImageObject\",\"inLanguage\":\"es\",\"@id\":\"https:\/\/www.absolument-angouleme.fr\/#\/schema\/logo\/image\/\",\"url\":\"\/wp-content\/uploads\/2019\/12\/Absolument-Angouleme_logotype_quadri_4cm.jpg\",\"contentUrl\":\"\/wp-content\/uploads\/2019\/12\/Absolument-Angouleme_logotype_quadri_4cm.jpg\",\"width\":472,\"height\":411,\"caption\":\"Absolument Angoul\u00eame\"},\"image\":{\"@id\":\"https:\/\/www.absolument-angouleme.fr\/#\/schema\/logo\/image\/\"},\"sameAs\":[\"https:\/\/www.facebook.com\/absolumentangouleme\",\"https:\/\/www.instagram.com\/absolumentangouleme\/\",\"https:\/\/www.linkedin.com\/company\/absolument-angoul\u00eame\/\"]}]}<\/script>\n<!-- \/ Yoast SEO plugin. -->","yoast_head_json":{"title":"Ayudas para la renovaci\u00f3n de viviendas | Absolument Ango\u00fbleme","robots":{"index":"index","follow":"follow","max-snippet":"max-snippet:-1","max-image-preview":"max-image-preview:large","max-video-preview":"max-video-preview:-1"},"canonical":"https:\/\/www.absolument-angouleme.fr\/investir\/renovation-logements\/","og_locale":"es_ES","og_type":"article","og_title":"Ayudas para la renovaci\u00f3n de viviendas | Absolument Ango\u00fbleme","og_description":"[vc_row full_width=\u00bbstretch_row_content_no_spaces\u00bb][vc_column][\/vc_column][\/vc_row][vc_row][vc_column][vc_empty_space height=\u00bb75px\u00bb][\/vc_column][\/vc_row][vc_row][vc_column][\/vc_column][\/vc_row][vc_row content_placement=\u00bbmiddle\u00bb][vc_column][vc_text_separator title=\u00bbPARA M\u00c1S INFORMACI\u00d3N\u00bb i_icon_fontawesome=\u00bbfa fa-phone\u00bb i_color=\u00bbpink\u00bb color=\u00bbpink\u00bb add_icon=\u00bbtrue\u00bb][\/vc_column][\/vc_row][vc_row][vc_column width=\u00bb1\/2&#8243;][vc_wp_text]Descargar el folleto del Ayuntamiento de Angoul\u00eame director del proyecto \u00abAction C\u0153ur de Ville\u00bb\u00a0 j.tenera@mairie-angouleme.fr 05 45 38 71 08[\/vc_wp_text][\/vc_column][vc_column width=\u00bb1\/2&#8243;][vc_wp_text]Asistencia SOLIHA H\u00f4tel de Ville, amelioration-habitat@mairie-angouleme.fr 05 45 38 93 16[\/vc_wp_text][\/vc_column][\/vc_row]","og_url":"https:\/\/www.absolument-angouleme.fr\/investir\/renovation-logements\/","og_site_name":"Absolument Ango\u00fbleme","article_publisher":"https:\/\/www.facebook.com\/absolumentangouleme","og_image":[{"width":472,"height":411,"url":"https:\/\/www.absolument-angouleme.fr\/wp-content\/uploads\/2019\/12\/Absolument-Angouleme_logotype_quadri_4cm.jpg","type":"image\/jpeg"}],"twitter_card":"summary_large_image","twitter_misc":{"Tiempo de lectura":"3 minutos"},"schema":{"@context":"https:\/\/schema.org","@graph":[{"@type":"WebPage","@id":"https:\/\/www.absolument-angouleme.fr\/investir\/renovation-logements\/","url":"https:\/\/www.absolument-angouleme.fr\/investir\/renovation-logements\/","name":"Ayudas para la renovaci\u00f3n de viviendas | Absolument Ango\u00fbleme","isPartOf":{"@id":"https:\/\/www.absolument-angouleme.fr\/#website"},"datePublished":"2020-05-18T13:59:08+00:00","dateModified":"2020-05-18T13:59:08+00:00","breadcrumb":{"@id":"https:\/\/www.absolument-angouleme.fr\/investir\/renovation-logements\/#breadcrumb"},"inLanguage":"es","potentialAction":[{"@type":"ReadAction","target":["https:\/\/www.absolument-angouleme.fr\/investir\/renovation-logements\/"]}]},{"@type":"BreadcrumbList","@id":"https:\/\/www.absolument-angouleme.fr\/investir\/renovation-logements\/#breadcrumb","itemListElement":[{"@type":"ListItem","position":1,"name":"Accueil","item":"https:\/\/www.absolument-angouleme.fr\/es\/"},{"@type":"ListItem","position":2,"name":"INVESTIR","item":"https:\/\/www.absolument-angouleme.fr\/investir\/"},{"@type":"ListItem","position":3,"name":"Ayudas para la renovaci\u00f3n de viviendas"}]},{"@type":"WebSite","@id":"https:\/\/www.absolument-angouleme.fr\/#website","url":"https:\/\/www.absolument-angouleme.fr\/","name":"Absolument Ango\u00fbleme","description":"Entreprendre et d\u00e9couvrir !","publisher":{"@id":"https:\/\/www.absolument-angouleme.fr\/#organization"},"potentialAction":[{"@type":"SearchAction","target":{"@type":"EntryPoint","urlTemplate":"https:\/\/www.absolument-angouleme.fr\/?s={search_term_string}"},"query-input":{"@type":"PropertyValueSpecification","valueRequired":true,"valueName":"search_term_string"}}],"inLanguage":"es"},{"@type":"Organization","@id":"https:\/\/www.absolument-angouleme.fr\/#organization","name":"Absolument Angoul\u00eame","url":"https:\/\/www.absolument-angouleme.fr\/","logo":{"@type":"ImageObject","inLanguage":"es","@id":"https:\/\/www.absolument-angouleme.fr\/#\/schema\/logo\/image\/","url":"\/wp-content\/uploads\/2019\/12\/Absolument-Angouleme_logotype_quadri_4cm.jpg","contentUrl":"\/wp-content\/uploads\/2019\/12\/Absolument-Angouleme_logotype_quadri_4cm.jpg","width":472,"height":411,"caption":"Absolument Angoul\u00eame"},"image":{"@id":"https:\/\/www.absolument-angouleme.fr\/#\/schema\/logo\/image\/"},"sameAs":["https:\/\/www.facebook.com\/absolumentangouleme","https:\/\/www.instagram.com\/absolumentangouleme\/","https:\/\/www.linkedin.com\/company\/absolument-angoul\u00eame\/"]}]}},"_links":{"self":[{"href":"https:\/\/www.absolument-angouleme.fr\/es\/wp-json\/wp\/v2\/pages\/3325","targetHints":{"allow":["GET"]}}],"collection":[{"href":"https:\/\/www.absolument-angouleme.fr\/es\/wp-json\/wp\/v2\/pages"}],"about":[{"href":"https:\/\/www.absolument-angouleme.fr\/es\/wp-json\/wp\/v2\/types\/page"}],"author":[{"embeddable":true,"href":"https:\/\/www.absolument-angouleme.fr\/es\/wp-json\/wp\/v2\/users\/6"}],"replies":[{"embeddable":true,"href":"https:\/\/www.absolument-angouleme.fr\/es\/wp-json\/wp\/v2\/comments?post=3325"}],"version-history":[{"count":0,"href":"https:\/\/www.absolument-angouleme.fr\/es\/wp-json\/wp\/v2\/pages\/3325\/revisions"}],"up":[{"embeddable":true,"href":"https:\/\/www.absolument-angouleme.fr\/es\/wp-json\/wp\/v2\/pages\/3322"}],"wp:attachment":[{"href":"https:\/\/www.absolument-angouleme.fr\/es\/wp-json\/wp\/v2\/media?parent=3325"}],"curies":[{"name":"wp","href":"https:\/\/api.w.org\/{rel}","templated":true}]}}