{"id":3329,"date":"2020-05-18T16:12:41","date_gmt":"2020-05-18T14:12:41","guid":{"rendered":"https:\/\/www.absolument-angouleme.fr\/?page_id=3329"},"modified":"2020-05-18T16:12:41","modified_gmt":"2020-05-18T14:12:41","slug":"aviso-legal","status":"publish","type":"page","link":"https:\/\/www.absolument-angouleme.fr\/es\/aviso-legal\/","title":{"rendered":"AVISO LEGAL"},"content":{"rendered":"<div class=\"wpb-content-wrapper\"><p>[vc_row full_width=\u00bbstretch_row_content_no_spaces\u00bb][vc_column][vc_empty_space height=\u00bb75px\u00bb el_class=\u00bbheader-top-empty-space\u00bb]<section class=\"banner\">\n    <div class=\"banner__back\" style=\"background-image: url(https:\/\/www.absolument-angouleme.fr\/wp-content\/uploads\/2019\/06\/temp_img.jpg);\">\n\t        <\/div>\n    <div class=\"banner__front\">\n        <div class=\"left-panel-border\"><\/div>\n        <div class=\"left-panel\">\n            <h1>AVISO LEGAL<\/h1>\n                    <\/div>\n        <div class=\"breadcrumb-trail\">\n        <p id=\"breadcrumbs\"><span><span><a href=\"https:\/\/www.absolument-angouleme.fr\/es\/\">Accueil<\/a><\/span><\/span><\/p>        <\/div>\n    <\/div>\n<\/section>\n[vc_empty_space height=\u00bb55px\u00bb][\/vc_column][\/vc_row][vc_row][vc_column][vc_column_text] [\/vc_column_text][\/vc_column][\/vc_row][vc_row][vc_column][vc_column_text]<\/p>\n<p>[\/vc_column_text][\/vc_column][\/vc_row][vc_row][vc_column][vc_empty_space height=\u00bb50px\u00bb el_class=\u00bbheader-top-empty-space\u00bb][vc_column_text]<\/p>\n<h1><b>AVISO LEGAL<\/b><\/h1>\n<p><b>Editores del sitio web:<\/b> GrandAngoul\u00eame 25 boulevard Besson Bey 16000 Angoul\u00eame SAS con un capital de 8890\u00a0\u20ac \u2013 N.\u00ba de SIREN: 791.801491. 05 45 38 60 60<\/p>\n<p><a href=\"https:\/\/extranet.grandangouleme.fr\/contact\/,DanaInfo=absolument-angouleme.fr,SSL+\">Ponerse en contacto con Grand Angoul\u00eame<\/a><\/p>\n<h2><\/h2>\n<p><b>Direcci\u00f3n de la publicaci\u00f3n:<\/b> GrandAngoul\u00eame \u2013 Departamento de Marketing<\/p>\n<p><span style=\"font-weight: 400; color: #ff0000;\">\u00a0<\/span><\/p>\n<h2><\/h2>\n<p><b>Dise\u00f1o y realizaci\u00f3n:<\/b> <a href=\"https:\/\/extranet.grandangouleme.fr\/,DanaInfo=www.agence42.fr,SSL+\">Agence42<\/a> 371B, rue de Bordeaux 16000 Angoul\u00eame<\/p>\n<h2><\/h2>\n<p><b>Alojamiento:<\/b> GrandAngoul\u00eame 25 boulevard Besson Bey 16000 Angoul\u00eame<\/p>\n<p>&nbsp;<\/p>\n<p><b>Datos personales<\/b>: El sitio absolument-angouleme.fr recaba datos personales y de conexi\u00f3n con fines exclusivos de informaci\u00f3n, comunicaci\u00f3n y an\u00e1lisis estad\u00edstico.<\/p>\n<p>Finalidad de los datos recabados: con arreglo al art\u00edculo 32 de la ley francesa de 6 de enero de 1978, los datos personales se recaban \u00fanicamente para uso interno, es decir:<\/p>\n<ul>\n<li>responder a los correos electr\u00f3nicos recibidos en el apartado \u00abContacto\u00bb<\/li>\n<li>enviar la newsletter.<\/li>\n<\/ul>\n<p>GrandAngoul\u00eame guardar\u00e1 los datos de car\u00e1cter personal (mientras el sitio web est\u00e9 operativo) en los servidores de GrandAngoul\u00eame.<\/p>\n<p>GrandAngoul\u00eame ser\u00e1 el \u00fanico que conocer\u00e1 y preservar\u00e1 la confidencialidad de los datos recabados.<span class=\"Apple-converted-space\">\u00a0<\/span><\/p>\n<p>El usuario tiene derecho al acceso, modificaci\u00f3n, rectificaci\u00f3n y supresi\u00f3n de sus datos (art\u00edculo 34 de la Ley de Inform\u00e1tica y Libertades).<\/p>\n<p>Para ejercer este derecho, p\u00f3ngase en contacto con:<\/p>\n<p>GrandAngoul\u00eame<\/p>\n<p>Service communication<\/p>\n<p>25 Boulevard Besson Bey \u2013 16000 Angoul\u00eame<\/p>\n<p>FRANCIA<\/p>\n<p>&nbsp;<\/p>\n<p><b><i>Cookies<\/i>:<\/b> De conformidad con la Directiva europea 2009\/136\/CE, se informa al usuario de que durante sus visitas al sitio web es posible que se introduzca autom\u00e1ticamente una <i>cookie<\/i> en su navegador. El periodo de validez de este consentimiento es de 13 meses como m\u00e1ximo. Una <i>cookie<\/i> es un elemento que no identifica el usuario, pero que sirve para registrar informaci\u00f3n relacionada con su navegaci\u00f3n en el sitio web. El usuario tiene la posibilidad de desactivar la instalaci\u00f3n de <i>cookies<\/i> cuando se conecta por primera vez o modificando los ajustes de su navegador. No obstante, no permitir el almacenamiento de <i>cookies<\/i> puede alterar el buen funcionamiento del navegador e impedir que pueda beneficiarse de determinadas funciones del sitio web. En ese caso GrandAngoul\u00eame declina cualquier responsabilidad al respecto.<\/p>\n<p>&nbsp;<\/p>\n<p><b>Copyright:<\/b> Todos los elementos del sitio web absolument-angouleme.fr est\u00e1n protegidos por derechos de autor. A tal efecto, cualquier reproducci\u00f3n, representaci\u00f3n, utilizaci\u00f3n, adaptaci\u00f3n, modificaci\u00f3n, incorporaci\u00f3n, traducci\u00f3n, comercializaci\u00f3n, parcial o integral de los elementos incluidos en este sitio, sin la previa autorizaci\u00f3n por escrito del editor, est\u00e1 terminantemente prohibida. Los sitios web que optan por dirigirse a\u00a0grandangouleme.fr asumen cualquier responsabilidad desde el momento en el que vulneran la imagen del sitio web o la marca GrandAngoul\u00eame. Asimismo, GrandAngoul\u00eame declina cualquier responsabilidad relacionada con el contenido de los sitios web a los que se pueda acceder mediante hiperv\u00ednculos desde grandangouleme.fr.<\/p>\n<p>&nbsp;<\/p>\n<p><b>Protecci\u00f3n de los datos de car\u00e1cter personal:<\/b> Con arreglo al art\u00edculo 34 de la Ley de Inform\u00e1tica y Libertades n.\u00b0 78-17, de 6 de enero de 1978, el usuario podr\u00e1 acceder a la informaci\u00f3n nominativa referente a su persona, as\u00ed como a rectificarla o suprimirla solicit\u00e1ndolo a trav\u00e9s del <a href=\"https:\/\/extranet.grandangouleme.fr\/contact\/,DanaInfo=absolument-angouleme.fr,SSL+\">Formulario de contacto.<\/a><\/p>\n<p>&nbsp;<\/p>\n<p><b>Formulario de contacto<\/b>: Las informaciones recabadas de los internautas a trav\u00e9s del formulario de contacto de absolument-angouleme.fr \u00fanicamente se divulgar\u00e1n a las personas que conforman el equipo de gesti\u00f3n de absolument-angouleme.fr.<span class=\"Apple-converted-space\">\u00a0<\/span><\/p>\n<p>&nbsp;<\/p>\n<p><b>Actualizaci\u00f3n del aviso legal<\/b>: El editor de absolument-angouleme.fr, anteriormente mencionado, se reserva el derecho a actualizar, en cualquier momento, la presente lista de avisos legales en funci\u00f3n de la evoluci\u00f3n de los contenidos del sitio y de las obligaciones suplementarias de protecci\u00f3n que fueran necesarias.<\/p>\n<p>&nbsp;<\/p>\n<p><strong>Cr\u00e9ditos fotograficos : <\/strong>BNIC Konoisseur; BNIC St\u00e9phane Charbeau; BNIC St\u00e9phane Charbeau &amp; E.R\u00e9my Martin&amp;Co &amp; Seguin Moreau; Charente Tourisme; Flow Velo &#8211; Aurelie Stapf, porteurdesonge.com; Fotolia; Freepik; G\u00e9rard Truffandier; Gr\u00e9gory Brandel;\u00a0Istock; Micka\u00ebl Tavernier; Rebotini La Nef; Renaud Joubert; Unsplash\/Tim Van Der Kuip; William Denizet<\/p>\n<p><!-- \/wp:heading -->[\/vc_column_text][\/vc_column][\/vc_row]<\/p>\n<\/div>","protected":false},"excerpt":{"rendered":"<p>[vc_row full_width=\u00bbstretch_row_content_no_spaces\u00bb][vc_column][vc_empty_space height=\u00bb75px\u00bb el_class=\u00bbheader-top-empty-space\u00bb][vc_empty_space height=\u00bb55px\u00bb][\/vc_column][\/vc_row][vc_row][vc_column][vc_column_text] [\/vc_column_text][\/vc_column][\/vc_row][vc_row][vc_column][vc_column_text] [\/vc_column_text][\/vc_column][\/vc_row][vc_row][vc_column][vc_empty_space height=\u00bb50px\u00bb el_class=\u00bbheader-top-empty-space\u00bb][vc_column_text] AVISO LEGAL Editores del sitio web: GrandAngoul\u00eame 25 boulevard Besson Bey 16000 Angoul\u00eame SAS con un capital de 8890\u00a0\u20ac \u2013 N.\u00ba de SIREN: 791.801491. 05 45 38 60 60 Ponerse en contacto con Grand Angoul\u00eame Direcci\u00f3n de la publicaci\u00f3n: GrandAngoul\u00eame \u2013 Departamento de Marketing \u00a0 Dise\u00f1o [&hellip;]<\/p>\n","protected":false},"author":6,"featured_media":0,"parent":0,"menu_order":0,"comment_status":"closed","ping_status":"open","template":"","meta":{"_acf_changed":false,"inline_featured_image":false,"footnotes":""},"class_list":["post-3329","page","type-page","status-publish","hentry"],"acf":[],"yoast_head":"<!-- This site is optimized with the Yoast SEO plugin v24.2 - https:\/\/yoast.com\/wordpress\/plugins\/seo\/ -->\n<title>AVISO LEGAL | Absolument Ango\u00fbleme<\/title>\n<meta name=\"robots\" content=\"index, follow, max-snippet:-1, max-image-preview:large, max-video-preview:-1\" \/>\n<link rel=\"canonical\" href=\"https:\/\/www.absolument-angouleme.fr\/mentions-legales\/\" \/>\n<meta property=\"og:locale\" content=\"es_ES\" \/>\n<meta property=\"og:type\" content=\"article\" \/>\n<meta property=\"og:title\" content=\"AVISO LEGAL | Absolument Ango\u00fbleme\" \/>\n<meta property=\"og:description\" content=\"[vc_row full_width=\u00bbstretch_row_content_no_spaces\u00bb][vc_column][vc_empty_space height=\u00bb75px\u00bb el_class=\u00bbheader-top-empty-space\u00bb][vc_empty_space height=\u00bb55px\u00bb][\/vc_column][\/vc_row][vc_row][vc_column][vc_column_text] [\/vc_column_text][\/vc_column][\/vc_row][vc_row][vc_column][vc_column_text] [\/vc_column_text][\/vc_column][\/vc_row][vc_row][vc_column][vc_empty_space height=\u00bb50px\u00bb el_class=\u00bbheader-top-empty-space\u00bb][vc_column_text] AVISO LEGAL Editores del sitio web: GrandAngoul\u00eame 25 boulevard Besson Bey 16000 Angoul\u00eame SAS con un capital de 8890\u00a0\u20ac \u2013 N.\u00ba de SIREN: 791.801491. 05 45 38 60 60 Ponerse en contacto con Grand Angoul\u00eame Direcci\u00f3n de la publicaci\u00f3n: GrandAngoul\u00eame \u2013 Departamento de Marketing \u00a0 Dise\u00f1o [&hellip;]\" \/>\n<meta property=\"og:url\" content=\"https:\/\/www.absolument-angouleme.fr\/mentions-legales\/\" \/>\n<meta property=\"og:site_name\" content=\"Absolument Ango\u00fbleme\" \/>\n<meta property=\"article:publisher\" content=\"https:\/\/www.facebook.com\/absolumentangouleme\" \/>\n<meta property=\"og:image\" content=\"https:\/\/www.absolument-angouleme.fr\/wp-content\/uploads\/2019\/12\/Absolument-Angouleme_logotype_quadri_4cm.jpg\" \/>\n\t<meta property=\"og:image:width\" content=\"472\" \/>\n\t<meta property=\"og:image:height\" content=\"411\" \/>\n\t<meta property=\"og:image:type\" content=\"image\/jpeg\" \/>\n<meta name=\"twitter:card\" content=\"summary_large_image\" \/>\n<meta name=\"twitter:label1\" content=\"Tiempo de lectura\" \/>\n\t<meta name=\"twitter:data1\" content=\"4 minutos\" \/>\n<script type=\"application\/ld+json\" class=\"yoast-schema-graph\">{\"@context\":\"https:\/\/schema.org\",\"@graph\":[{\"@type\":\"WebPage\",\"@id\":\"https:\/\/www.absolument-angouleme.fr\/mentions-legales\/\",\"url\":\"https:\/\/www.absolument-angouleme.fr\/mentions-legales\/\",\"name\":\"AVISO LEGAL | Absolument Ango\u00fbleme\",\"isPartOf\":{\"@id\":\"https:\/\/www.absolument-angouleme.fr\/#website\"},\"datePublished\":\"2020-05-18T14:12:41+00:00\",\"dateModified\":\"2020-05-18T14:12:41+00:00\",\"breadcrumb\":{\"@id\":\"https:\/\/www.absolument-angouleme.fr\/mentions-legales\/#breadcrumb\"},\"inLanguage\":\"es\",\"potentialAction\":[{\"@type\":\"ReadAction\",\"target\":[\"https:\/\/www.absolument-angouleme.fr\/mentions-legales\/\"]}]},{\"@type\":\"BreadcrumbList\",\"@id\":\"https:\/\/www.absolument-angouleme.fr\/mentions-legales\/#breadcrumb\",\"itemListElement\":[{\"@type\":\"ListItem\",\"position\":1,\"name\":\"Accueil\",\"item\":\"https:\/\/www.absolument-angouleme.fr\/es\/\"},{\"@type\":\"ListItem\",\"position\":2,\"name\":\"AVISO LEGAL\"}]},{\"@type\":\"WebSite\",\"@id\":\"https:\/\/www.absolument-angouleme.fr\/#website\",\"url\":\"https:\/\/www.absolument-angouleme.fr\/\",\"name\":\"Absolument Ango\u00fbleme\",\"description\":\"Entreprendre et d\u00e9couvrir !\",\"publisher\":{\"@id\":\"https:\/\/www.absolument-angouleme.fr\/#organization\"},\"potentialAction\":[{\"@type\":\"SearchAction\",\"target\":{\"@type\":\"EntryPoint\",\"urlTemplate\":\"https:\/\/www.absolument-angouleme.fr\/?s={search_term_string}\"},\"query-input\":{\"@type\":\"PropertyValueSpecification\",\"valueRequired\":true,\"valueName\":\"search_term_string\"}}],\"inLanguage\":\"es\"},{\"@type\":\"Organization\",\"@id\":\"https:\/\/www.absolument-angouleme.fr\/#organization\",\"name\":\"Absolument Angoul\u00eame\",\"url\":\"https:\/\/www.absolument-angouleme.fr\/\",\"logo\":{\"@type\":\"ImageObject\",\"inLanguage\":\"es\",\"@id\":\"https:\/\/www.absolument-angouleme.fr\/#\/schema\/logo\/image\/\",\"url\":\"\/wp-content\/uploads\/2019\/12\/Absolument-Angouleme_logotype_quadri_4cm.jpg\",\"contentUrl\":\"\/wp-content\/uploads\/2019\/12\/Absolument-Angouleme_logotype_quadri_4cm.jpg\",\"width\":472,\"height\":411,\"caption\":\"Absolument Angoul\u00eame\"},\"image\":{\"@id\":\"https:\/\/www.absolument-angouleme.fr\/#\/schema\/logo\/image\/\"},\"sameAs\":[\"https:\/\/www.facebook.com\/absolumentangouleme\",\"https:\/\/www.instagram.com\/absolumentangouleme\/\",\"https:\/\/www.linkedin.com\/company\/absolument-angoul\u00eame\/\"]}]}<\/script>\n<!-- \/ Yoast SEO plugin. -->","yoast_head_json":{"title":"AVISO LEGAL | Absolument Ango\u00fbleme","robots":{"index":"index","follow":"follow","max-snippet":"max-snippet:-1","max-image-preview":"max-image-preview:large","max-video-preview":"max-video-preview:-1"},"canonical":"https:\/\/www.absolument-angouleme.fr\/mentions-legales\/","og_locale":"es_ES","og_type":"article","og_title":"AVISO LEGAL | Absolument Ango\u00fbleme","og_description":"[vc_row full_width=\u00bbstretch_row_content_no_spaces\u00bb][vc_column][vc_empty_space height=\u00bb75px\u00bb el_class=\u00bbheader-top-empty-space\u00bb][vc_empty_space height=\u00bb55px\u00bb][\/vc_column][\/vc_row][vc_row][vc_column][vc_column_text] [\/vc_column_text][\/vc_column][\/vc_row][vc_row][vc_column][vc_column_text] [\/vc_column_text][\/vc_column][\/vc_row][vc_row][vc_column][vc_empty_space height=\u00bb50px\u00bb el_class=\u00bbheader-top-empty-space\u00bb][vc_column_text] AVISO LEGAL Editores del sitio web: GrandAngoul\u00eame 25 boulevard Besson Bey 16000 Angoul\u00eame SAS con un capital de 8890\u00a0\u20ac \u2013 N.\u00ba de SIREN: 791.801491. 05 45 38 60 60 Ponerse en contacto con Grand Angoul\u00eame Direcci\u00f3n de la publicaci\u00f3n: GrandAngoul\u00eame \u2013 Departamento de Marketing \u00a0 Dise\u00f1o [&hellip;]","og_url":"https:\/\/www.absolument-angouleme.fr\/mentions-legales\/","og_site_name":"Absolument Ango\u00fbleme","article_publisher":"https:\/\/www.facebook.com\/absolumentangouleme","og_image":[{"width":472,"height":411,"url":"https:\/\/www.absolument-angouleme.fr\/wp-content\/uploads\/2019\/12\/Absolument-Angouleme_logotype_quadri_4cm.jpg","type":"image\/jpeg"}],"twitter_card":"summary_large_image","twitter_misc":{"Tiempo de lectura":"4 minutos"},"schema":{"@context":"https:\/\/schema.org","@graph":[{"@type":"WebPage","@id":"https:\/\/www.absolument-angouleme.fr\/mentions-legales\/","url":"https:\/\/www.absolument-angouleme.fr\/mentions-legales\/","name":"AVISO LEGAL | Absolument Ango\u00fbleme","isPartOf":{"@id":"https:\/\/www.absolument-angouleme.fr\/#website"},"datePublished":"2020-05-18T14:12:41+00:00","dateModified":"2020-05-18T14:12:41+00:00","breadcrumb":{"@id":"https:\/\/www.absolument-angouleme.fr\/mentions-legales\/#breadcrumb"},"inLanguage":"es","potentialAction":[{"@type":"ReadAction","target":["https:\/\/www.absolument-angouleme.fr\/mentions-legales\/"]}]},{"@type":"BreadcrumbList","@id":"https:\/\/www.absolument-angouleme.fr\/mentions-legales\/#breadcrumb","itemListElement":[{"@type":"ListItem","position":1,"name":"Accueil","item":"https:\/\/www.absolument-angouleme.fr\/es\/"},{"@type":"ListItem","position":2,"name":"AVISO LEGAL"}]},{"@type":"WebSite","@id":"https:\/\/www.absolument-angouleme.fr\/#website","url":"https:\/\/www.absolument-angouleme.fr\/","name":"Absolument Ango\u00fbleme","description":"Entreprendre et d\u00e9couvrir !","publisher":{"@id":"https:\/\/www.absolument-angouleme.fr\/#organization"},"potentialAction":[{"@type":"SearchAction","target":{"@type":"EntryPoint","urlTemplate":"https:\/\/www.absolument-angouleme.fr\/?s={search_term_string}"},"query-input":{"@type":"PropertyValueSpecification","valueRequired":true,"valueName":"search_term_string"}}],"inLanguage":"es"},{"@type":"Organization","@id":"https:\/\/www.absolument-angouleme.fr\/#organization","name":"Absolument Angoul\u00eame","url":"https:\/\/www.absolument-angouleme.fr\/","logo":{"@type":"ImageObject","inLanguage":"es","@id":"https:\/\/www.absolument-angouleme.fr\/#\/schema\/logo\/image\/","url":"\/wp-content\/uploads\/2019\/12\/Absolument-Angouleme_logotype_quadri_4cm.jpg","contentUrl":"\/wp-content\/uploads\/2019\/12\/Absolument-Angouleme_logotype_quadri_4cm.jpg","width":472,"height":411,"caption":"Absolument Angoul\u00eame"},"image":{"@id":"https:\/\/www.absolument-angouleme.fr\/#\/schema\/logo\/image\/"},"sameAs":["https:\/\/www.facebook.com\/absolumentangouleme","https:\/\/www.instagram.com\/absolumentangouleme\/","https:\/\/www.linkedin.com\/company\/absolument-angoul\u00eame\/"]}]}},"_links":{"self":[{"href":"https:\/\/www.absolument-angouleme.fr\/es\/wp-json\/wp\/v2\/pages\/3329","targetHints":{"allow":["GET"]}}],"collection":[{"href":"https:\/\/www.absolument-angouleme.fr\/es\/wp-json\/wp\/v2\/pages"}],"about":[{"href":"https:\/\/www.absolument-angouleme.fr\/es\/wp-json\/wp\/v2\/types\/page"}],"author":[{"embeddable":true,"href":"https:\/\/www.absolument-angouleme.fr\/es\/wp-json\/wp\/v2\/users\/6"}],"replies":[{"embeddable":true,"href":"https:\/\/www.absolument-angouleme.fr\/es\/wp-json\/wp\/v2\/comments?post=3329"}],"version-history":[{"count":0,"href":"https:\/\/www.absolument-angouleme.fr\/es\/wp-json\/wp\/v2\/pages\/3329\/revisions"}],"wp:attachment":[{"href":"https:\/\/www.absolument-angouleme.fr\/es\/wp-json\/wp\/v2\/media?parent=3329"}],"curies":[{"name":"wp","href":"https:\/\/api.w.org\/{rel}","templated":true}]}}