{"id":3331,"date":"2020-05-18T16:25:02","date_gmt":"2020-05-18T14:25:02","guid":{"rendered":"https:\/\/www.absolument-angouleme.fr\/?page_id=3331"},"modified":"2020-05-18T16:25:02","modified_gmt":"2020-05-18T14:25:02","slug":"naturaleza-deportes-y-actividades-de-ocio","status":"publish","type":"page","link":"https:\/\/www.absolument-angouleme.fr\/es\/naturaleza-deportes-y-actividades-de-ocio\/","title":{"rendered":"Naturaleza, deportes y actividades de ocio"},"content":{"rendered":"<div class=\"wpb-content-wrapper\"><p>[vc_row full_width=\u00bbstretch_row_content_no_spaces\u00bb][vc_column]<section class=\"banner\">\n    <div class=\"banner__back\" style=\"background-image: url(https:\/\/www.absolument-angouleme.fr\/wp-content\/uploads\/2019\/09\/SAXV-VANNES-72.png);\">\n\t        <\/div>\n    <div class=\"banner__front\">\n        <div class=\"left-panel-border\"><\/div>\n        <div class=\"left-panel\">\n            <h1>UNA OFERTA VARIADA DE ACTIVIDADES DE OCIO<\/h1>\n                        <div class=\"banner__description\">La aglomeraci\u00f3n de GrandAngoul\u00eame pone a su disposici\u00f3n una intensa oferta de deportes y actividades de ocio para compartir todos juntos unos valores s\u00f3lidos e identitarios.<br \/>\n<\/div>\n                    <\/div>\n        <div class=\"breadcrumb-trail\">\n        <p id=\"breadcrumbs\"><span><span><a href=\"https:\/\/www.absolument-angouleme.fr\/es\/\">Accueil<\/a><\/span><\/span><\/p>        <\/div>\n    <\/div>\n<\/section>\n[vc_empty_space height=\u00bb55px\u00bb][\/vc_column][\/vc_row][vc_row full_width=\u00bbstretch_row_content_no_spaces\u00bb][\/vc_row][vc_row][vc_column][vc_empty_space height=\u00bb75px\u00bb][\/vc_column][\/vc_row][vc_row][vc_column]\n<section class=\"simple-text-image text-left-img-right\">\n    <figure>\n        <img decoding=\"async\" width=\"780\" height=\"790\" src=\"https:\/\/www.absolument-angouleme.fr\/wp-content\/uploads\/2019\/11\/valeurs2.jpg\" class=\"attachment-large size-large\" alt=\"\" srcset=\"https:\/\/www.absolument-angouleme.fr\/wp-content\/uploads\/2019\/11\/valeurs2.jpg 780w, https:\/\/www.absolument-angouleme.fr\/wp-content\/uploads\/2019\/11\/valeurs2-296x300.jpg 296w, https:\/\/www.absolument-angouleme.fr\/wp-content\/uploads\/2019\/11\/valeurs2-768x778.jpg 768w\" sizes=\"(max-width: 780px) 100vw, 780px\" \/>            <\/figure>\n    <div class=\"text-content\">\n        <h2># EL ESP\u00cdRITU DEPORTIVO ENCARNADO POR NUESTROS CAMPEONES...<\/h2>\n        <div class=\"content\"><strong>TEMPORADA 2018-2019<\/strong><\/p>\n<ul>\n<li>El F\u00daTBOL femenino en D1 \u2013 Soyaux\/Angoul\u00eame (categor\u00eda m\u00e1s alta).<\/li>\n<li>El R\u00daGBY con el equipo de SAXV en Pro D2\u00a0Soyaux\/Angoul\u00eame (segunda divisi\u00f3n profesional).<\/li>\n<li>El F\u00daTBOL masculino en N2 \u2013 Soyaux\/Angoul\u00eame<\/li>\n<li>El BALONMANO femenino en la divisi\u00f3n Nacional 1\u00a0Angoul\u00eame (1.\u00ba nivel amateur).<\/li>\n<\/ul>\n<p><\/div>\n    <\/div>\n<\/section>[vc_empty_space height=\u00bb75px\u00bb]\n<section class=\"simple-text-image text-right-img-left\">\n    <figure>\n        <img decoding=\"async\" width=\"1024\" height=\"484\" src=\"https:\/\/www.absolument-angouleme.fr\/wp-content\/uploads\/2019\/09\/c-Renaud-Joubert--1024x484.png\" class=\"attachment-large size-large\" alt=\"\" srcset=\"https:\/\/www.absolument-angouleme.fr\/wp-content\/uploads\/2019\/09\/c-Renaud-Joubert--1024x484.png 1024w, https:\/\/www.absolument-angouleme.fr\/wp-content\/uploads\/2019\/09\/c-Renaud-Joubert--300x142.png 300w, https:\/\/www.absolument-angouleme.fr\/wp-content\/uploads\/2019\/09\/c-Renaud-Joubert--768x363.png 768w, https:\/\/www.absolument-angouleme.fr\/wp-content\/uploads\/2019\/09\/c-Renaud-Joubert-.png 1270w\" sizes=\"(max-width: 1024px) 100vw, 1024px\" \/>            <\/figure>\n    <div class=\"text-content\">\n        <h2># ... EN TODAS LAS DISCIPLINAS<\/h2>\n        <div class=\"content\"><\/p>\n<ul>\n<li>El CICLISMO en DN1 \u2013 equipo departamental\u00a0(1.\u00ba nivel amateur).<\/li>\n<li>El ATLETISMO en N1A \u2013 Angoul\u00eame (1.\u00ba nivel amateur) en los 32 mejores clubs franceses.<\/li>\n<li>El JUDO en 1.\u00aa divisi\u00f3n \u2013 La Couronne (1.\u00ba nivel amateur).<\/li>\n<li>El TENIS DE MESA en el Campeonato de Francia Nacional 2 \u2013 Angoul\u00eame (2.\u00ba nivel amateur).<\/li>\n<li>El TIRO AL ARCO en 1.\u00aa y 2.\u00aa Divisi\u00f3n Nacional Ruelle.<\/li>\n<li>El KAYAK en la divisi\u00f3n Nacional 2 &#8211; Angoul\u00eame.<\/li>\n<li>El GOLF en la Divisi\u00f3n Nacional &#8211; Angoul\u00eame<\/li>\n<li>El RUGBY femenino en la divisi\u00f3n Federal 2 &#8211; La Couronne (2.\u00ba nivel amateur).<\/li>\n<\/ul>\n<p><\/div>\n    <\/div>\n<\/section>[vc_empty_space height=\u00bb75px\u00bb]\n<section class=\"simple-text-image text-left-img-right\">\n    <figure>\n        <img decoding=\"async\" width=\"1024\" height=\"484\" src=\"https:\/\/www.absolument-angouleme.fr\/wp-content\/uploads\/2019\/09\/1901-PlaquetteDAEE-_DSC0128-W_Denizet-vHD-1024x484.png\" class=\"attachment-large size-large\" alt=\"\" srcset=\"https:\/\/www.absolument-angouleme.fr\/wp-content\/uploads\/2019\/09\/1901-PlaquetteDAEE-_DSC0128-W_Denizet-vHD-1024x484.png 1024w, https:\/\/www.absolument-angouleme.fr\/wp-content\/uploads\/2019\/09\/1901-PlaquetteDAEE-_DSC0128-W_Denizet-vHD-300x142.png 300w, https:\/\/www.absolument-angouleme.fr\/wp-content\/uploads\/2019\/09\/1901-PlaquetteDAEE-_DSC0128-W_Denizet-vHD-768x363.png 768w, https:\/\/www.absolument-angouleme.fr\/wp-content\/uploads\/2019\/09\/1901-PlaquetteDAEE-_DSC0128-W_Denizet-vHD.png 1270w\" sizes=\"(max-width: 1024px) 100vw, 1024px\" \/>            <\/figure>\n    <div class=\"text-content\">\n        <h2># ACTIVIDADES AL AIRE LIBRE PARA APROVECHAR LA RIQUEZA PAISAJ\u00cdSTICA Y LOS ESPACIOS NATURALES<\/h2>\n        <div class=\"content\"><\/p>\n<ul>\n<li>Remo<\/li>\n<li>Kayak<\/li>\n<li>Escalada<\/li>\n<li>BTT<\/li>\n<li>Vela y windsurf<\/li>\n<li>Golf<\/li>\n<\/ul>\n<p><\/div>\n    <\/div>\n<\/section>[vc_empty_space height=\u00bb75px\u00bb]\n<section class=\"simple-text-image text-right-img-left\">\n    <figure>\n        <img decoding=\"async\" width=\"600\" height=\"337\" src=\"https:\/\/www.absolument-angouleme.fr\/wp-content\/uploads\/2019\/09\/TRAVAILLER-J5.-00.-drone-angouleme-chais-magelis-2-Flow-Velo-Aurelie-Stapf-porteurdesonge.com-MD.jpg\" class=\"attachment-large size-large\" alt=\"\" srcset=\"https:\/\/www.absolument-angouleme.fr\/wp-content\/uploads\/2019\/09\/TRAVAILLER-J5.-00.-drone-angouleme-chais-magelis-2-Flow-Velo-Aurelie-Stapf-porteurdesonge.com-MD.jpg 600w, https:\/\/www.absolument-angouleme.fr\/wp-content\/uploads\/2019\/09\/TRAVAILLER-J5.-00.-drone-angouleme-chais-magelis-2-Flow-Velo-Aurelie-Stapf-porteurdesonge.com-MD-300x169.jpg 300w\" sizes=\"(max-width: 600px) 100vw, 600px\" \/>            <\/figure>\n    <div class=\"text-content\">\n        <h2># ENTRE CIUDAD Y NATURALEZA<\/h2>\n        <div class=\"content\"><\/p>\n<div class=\"text-overlap-container\">\n<div class=\"text-overlap-content\">\n<p>El territorio del GrandAngoul\u00eame mezcla una interesante y apasionante historia con unos paisajes verdes y buc\u00f3licos, lo que permite estar en contacto con la naturaleza sin tener que recorrer grandes distancias.<\/p>\n<p><strong>A pie, en bicicleta o en barco, cualquier medio de transporte es bueno para descubrir las polifac\u00e9ticas riquezas de esta tierra !\u00a0<\/strong><\/p>\n<\/div>\n<\/div>\n<p><\/div>\n    <\/div>\n<\/section>[vc_empty_space height=\u00bb75px\u00bb]\n<section class=\"simple-text-image text-left-img-right\">\n    <figure>\n        <img decoding=\"async\" width=\"533\" height=\"800\" src=\"https:\/\/www.absolument-angouleme.fr\/wp-content\/uploads\/2019\/06\/J5.-05.-bord-de-touvre-21-Flow-Velo-Aurelie-Stapf-porteurdesonge.com_.jpg\" class=\"attachment-large size-large\" alt=\"\" srcset=\"https:\/\/www.absolument-angouleme.fr\/wp-content\/uploads\/2019\/06\/J5.-05.-bord-de-touvre-21-Flow-Velo-Aurelie-Stapf-porteurdesonge.com_.jpg 533w, https:\/\/www.absolument-angouleme.fr\/wp-content\/uploads\/2019\/06\/J5.-05.-bord-de-touvre-21-Flow-Velo-Aurelie-Stapf-porteurdesonge.com_-200x300.jpg 200w\" sizes=\"(max-width: 533px) 100vw, 533px\" \/>            <\/figure>\n    <div class=\"text-content\">\n        <h2># GRANDES ESPACIOS<\/h2>\n        <div class=\"content\">Los 38 municipios que conforman la aglomeraci\u00f3n ofrecen una variopinta naturaleza con infinidad de espacios naturales que pueden descubrirse dando una vuelta o un paseo: las orillas del r\u00edo Charente y el Touvre, los valles calc\u00e1reos, los vi\u00f1edos o las zonas forestales.<span class=\"Apple-converted-space\">\u00a0<\/span><\/p>\n<p>Descubra de forma creativa sus m\u00faltiples paisajes a pie o en bicicleta recorriendo:<\/p>\n<p>\u2022 los 6000 km de senderos se\u00f1alizados,<br \/>\n\u2022 los 20 km de cintur\u00f3n verde,<br \/>\n\u2022 los 19 km del itinerario P\u00e9riph\u2019vert para conocer la aglomeraci\u00f3n desde otro \u00e1ngulo,<br \/>\n\u2022 los 290 km del circuito ciclista Flow V\u00e9lo (un itinerario que une el Atl\u00e1ntico con P\u00e9rigord),<\/p>\n<p><strong>\u00bfEs usted aficionado a las actividades n\u00e1uticas? El campo de regatas es el lugar ideal para ba\u00f1arse, practicar windsurf o incluso hacer un p\u00edcnic.<\/strong><\/div>\n    <\/div>\n<\/section>[\/vc_column][\/vc_row][vc_row full_width=\u00bbstretch_row_content_no_spaces\u00bb][\/vc_row][vc_row][vc_column][vc_empty_space height=\u00bb75px\u00bb][\/vc_column][\/vc_row][vc_row full_width=\u00bbstretch_row_content_no_spaces\u00bb][vc_column]<section class=\"full-video\">\n    <video muted\n           autoplay\n           loop\n           playsinline\n           preload=\"auto\"\n           poster=\"\" >\n        <source\n                src=\"https:\/\/www.absolument-angouleme.fr\/wp-content\/uploads\/2019\/12\/vallee-des-eaux-claires.mp4\"\n                type=\"video\/mp4\">\n        <source\n                src=\"\"\n                type=\"\">\n        <source\n                src=\"\"\n                type=\"\">\n        Votre navigateur ne permet pas de lire les vid\u00e9os HTML5, veuillez le mettre \u00e0 jour.\n    <\/video>\n    <\/section>[\/vc_column][\/vc_row]<\/p>\n<\/div>","protected":false},"excerpt":{"rendered":"<p>[vc_row full_width=\u00bbstretch_row_content_no_spaces\u00bb][vc_column][vc_empty_space height=\u00bb55px\u00bb][\/vc_column][\/vc_row][vc_row full_width=\u00bbstretch_row_content_no_spaces\u00bb][\/vc_row][vc_row][vc_column][vc_empty_space height=\u00bb75px\u00bb][\/vc_column][\/vc_row][vc_row][vc_column][vc_empty_space height=\u00bb75px\u00bb][vc_empty_space height=\u00bb75px\u00bb][vc_empty_space height=\u00bb75px\u00bb][vc_empty_space height=\u00bb75px\u00bb][\/vc_column][\/vc_row][vc_row full_width=\u00bbstretch_row_content_no_spaces\u00bb][\/vc_row][vc_row][vc_column][vc_empty_space height=\u00bb75px\u00bb][\/vc_column][\/vc_row][vc_row full_width=\u00bbstretch_row_content_no_spaces\u00bb][vc_column][\/vc_column][\/vc_row]<\/p>\n","protected":false},"author":6,"featured_media":0,"parent":0,"menu_order":0,"comment_status":"closed","ping_status":"closed","template":"","meta":{"_acf_changed":false,"inline_featured_image":false,"footnotes":""},"class_list":["post-3331","page","type-page","status-publish","hentry"],"acf":[],"yoast_head":"<!-- This site is optimized with the Yoast SEO plugin v24.2 - https:\/\/yoast.com\/wordpress\/plugins\/seo\/ -->\n<title>Naturaleza, deportes y actividades de ocio | Absolument Ango\u00fbleme<\/title>\n<meta name=\"robots\" content=\"index, follow, max-snippet:-1, max-image-preview:large, max-video-preview:-1\" \/>\n<link rel=\"canonical\" href=\"https:\/\/www.absolument-angouleme.fr\/nature-sports-loisirs\/\" \/>\n<meta property=\"og:locale\" content=\"es_ES\" \/>\n<meta property=\"og:type\" content=\"article\" \/>\n<meta property=\"og:title\" content=\"Naturaleza, deportes y actividades de ocio | Absolument Ango\u00fbleme\" \/>\n<meta property=\"og:description\" content=\"[vc_row full_width=\u00bbstretch_row_content_no_spaces\u00bb][vc_column][vc_empty_space height=\u00bb55px\u00bb][\/vc_column][\/vc_row][vc_row full_width=\u00bbstretch_row_content_no_spaces\u00bb][\/vc_row][vc_row][vc_column][vc_empty_space height=\u00bb75px\u00bb][\/vc_column][\/vc_row][vc_row][vc_column][vc_empty_space height=\u00bb75px\u00bb][vc_empty_space height=\u00bb75px\u00bb][vc_empty_space height=\u00bb75px\u00bb][vc_empty_space height=\u00bb75px\u00bb][\/vc_column][\/vc_row][vc_row full_width=\u00bbstretch_row_content_no_spaces\u00bb][\/vc_row][vc_row][vc_column][vc_empty_space height=\u00bb75px\u00bb][\/vc_column][\/vc_row][vc_row full_width=\u00bbstretch_row_content_no_spaces\u00bb][vc_column][\/vc_column][\/vc_row]\" \/>\n<meta property=\"og:url\" content=\"https:\/\/www.absolument-angouleme.fr\/nature-sports-loisirs\/\" \/>\n<meta property=\"og:site_name\" content=\"Absolument Ango\u00fbleme\" \/>\n<meta property=\"article:publisher\" content=\"https:\/\/www.facebook.com\/absolumentangouleme\" \/>\n<meta property=\"og:image\" content=\"https:\/\/www.absolument-angouleme.fr\/wp-content\/uploads\/2019\/12\/Absolument-Angouleme_logotype_quadri_4cm.jpg\" \/>\n\t<meta property=\"og:image:width\" content=\"472\" \/>\n\t<meta property=\"og:image:height\" content=\"411\" \/>\n\t<meta property=\"og:image:type\" content=\"image\/jpeg\" \/>\n<meta name=\"twitter:card\" content=\"summary_large_image\" \/>\n<meta name=\"twitter:label1\" content=\"Tiempo de lectura\" \/>\n\t<meta name=\"twitter:data1\" content=\"3 minutos\" \/>\n<script type=\"application\/ld+json\" class=\"yoast-schema-graph\">{\"@context\":\"https:\/\/schema.org\",\"@graph\":[{\"@type\":\"WebPage\",\"@id\":\"https:\/\/www.absolument-angouleme.fr\/nature-sports-loisirs\/\",\"url\":\"https:\/\/www.absolument-angouleme.fr\/nature-sports-loisirs\/\",\"name\":\"Naturaleza, deportes y actividades de ocio | Absolument Ango\u00fbleme\",\"isPartOf\":{\"@id\":\"https:\/\/www.absolument-angouleme.fr\/#website\"},\"datePublished\":\"2020-05-18T14:25:02+00:00\",\"dateModified\":\"2020-05-18T14:25:02+00:00\",\"breadcrumb\":{\"@id\":\"https:\/\/www.absolument-angouleme.fr\/nature-sports-loisirs\/#breadcrumb\"},\"inLanguage\":\"es\",\"potentialAction\":[{\"@type\":\"ReadAction\",\"target\":[\"https:\/\/www.absolument-angouleme.fr\/nature-sports-loisirs\/\"]}]},{\"@type\":\"BreadcrumbList\",\"@id\":\"https:\/\/www.absolument-angouleme.fr\/nature-sports-loisirs\/#breadcrumb\",\"itemListElement\":[{\"@type\":\"ListItem\",\"position\":1,\"name\":\"Accueil\",\"item\":\"https:\/\/www.absolument-angouleme.fr\/es\/\"},{\"@type\":\"ListItem\",\"position\":2,\"name\":\"Naturaleza, deportes y actividades de ocio\"}]},{\"@type\":\"WebSite\",\"@id\":\"https:\/\/www.absolument-angouleme.fr\/#website\",\"url\":\"https:\/\/www.absolument-angouleme.fr\/\",\"name\":\"Absolument Ango\u00fbleme\",\"description\":\"Entreprendre et d\u00e9couvrir !\",\"publisher\":{\"@id\":\"https:\/\/www.absolument-angouleme.fr\/#organization\"},\"potentialAction\":[{\"@type\":\"SearchAction\",\"target\":{\"@type\":\"EntryPoint\",\"urlTemplate\":\"https:\/\/www.absolument-angouleme.fr\/?s={search_term_string}\"},\"query-input\":{\"@type\":\"PropertyValueSpecification\",\"valueRequired\":true,\"valueName\":\"search_term_string\"}}],\"inLanguage\":\"es\"},{\"@type\":\"Organization\",\"@id\":\"https:\/\/www.absolument-angouleme.fr\/#organization\",\"name\":\"Absolument Angoul\u00eame\",\"url\":\"https:\/\/www.absolument-angouleme.fr\/\",\"logo\":{\"@type\":\"ImageObject\",\"inLanguage\":\"es\",\"@id\":\"https:\/\/www.absolument-angouleme.fr\/#\/schema\/logo\/image\/\",\"url\":\"\/wp-content\/uploads\/2019\/12\/Absolument-Angouleme_logotype_quadri_4cm.jpg\",\"contentUrl\":\"\/wp-content\/uploads\/2019\/12\/Absolument-Angouleme_logotype_quadri_4cm.jpg\",\"width\":472,\"height\":411,\"caption\":\"Absolument Angoul\u00eame\"},\"image\":{\"@id\":\"https:\/\/www.absolument-angouleme.fr\/#\/schema\/logo\/image\/\"},\"sameAs\":[\"https:\/\/www.facebook.com\/absolumentangouleme\",\"https:\/\/www.instagram.com\/absolumentangouleme\/\",\"https:\/\/www.linkedin.com\/company\/absolument-angoul\u00eame\/\"]}]}<\/script>\n<!-- \/ Yoast SEO plugin. -->","yoast_head_json":{"title":"Naturaleza, deportes y actividades de ocio | Absolument Ango\u00fbleme","robots":{"index":"index","follow":"follow","max-snippet":"max-snippet:-1","max-image-preview":"max-image-preview:large","max-video-preview":"max-video-preview:-1"},"canonical":"https:\/\/www.absolument-angouleme.fr\/nature-sports-loisirs\/","og_locale":"es_ES","og_type":"article","og_title":"Naturaleza, deportes y actividades de ocio | Absolument Ango\u00fbleme","og_description":"[vc_row full_width=\u00bbstretch_row_content_no_spaces\u00bb][vc_column][vc_empty_space height=\u00bb55px\u00bb][\/vc_column][\/vc_row][vc_row full_width=\u00bbstretch_row_content_no_spaces\u00bb][\/vc_row][vc_row][vc_column][vc_empty_space height=\u00bb75px\u00bb][\/vc_column][\/vc_row][vc_row][vc_column][vc_empty_space height=\u00bb75px\u00bb][vc_empty_space height=\u00bb75px\u00bb][vc_empty_space height=\u00bb75px\u00bb][vc_empty_space height=\u00bb75px\u00bb][\/vc_column][\/vc_row][vc_row full_width=\u00bbstretch_row_content_no_spaces\u00bb][\/vc_row][vc_row][vc_column][vc_empty_space height=\u00bb75px\u00bb][\/vc_column][\/vc_row][vc_row full_width=\u00bbstretch_row_content_no_spaces\u00bb][vc_column][\/vc_column][\/vc_row]","og_url":"https:\/\/www.absolument-angouleme.fr\/nature-sports-loisirs\/","og_site_name":"Absolument Ango\u00fbleme","article_publisher":"https:\/\/www.facebook.com\/absolumentangouleme","og_image":[{"width":472,"height":411,"url":"https:\/\/www.absolument-angouleme.fr\/wp-content\/uploads\/2019\/12\/Absolument-Angouleme_logotype_quadri_4cm.jpg","type":"image\/jpeg"}],"twitter_card":"summary_large_image","twitter_misc":{"Tiempo de lectura":"3 minutos"},"schema":{"@context":"https:\/\/schema.org","@graph":[{"@type":"WebPage","@id":"https:\/\/www.absolument-angouleme.fr\/nature-sports-loisirs\/","url":"https:\/\/www.absolument-angouleme.fr\/nature-sports-loisirs\/","name":"Naturaleza, deportes y actividades de ocio | Absolument Ango\u00fbleme","isPartOf":{"@id":"https:\/\/www.absolument-angouleme.fr\/#website"},"datePublished":"2020-05-18T14:25:02+00:00","dateModified":"2020-05-18T14:25:02+00:00","breadcrumb":{"@id":"https:\/\/www.absolument-angouleme.fr\/nature-sports-loisirs\/#breadcrumb"},"inLanguage":"es","potentialAction":[{"@type":"ReadAction","target":["https:\/\/www.absolument-angouleme.fr\/nature-sports-loisirs\/"]}]},{"@type":"BreadcrumbList","@id":"https:\/\/www.absolument-angouleme.fr\/nature-sports-loisirs\/#breadcrumb","itemListElement":[{"@type":"ListItem","position":1,"name":"Accueil","item":"https:\/\/www.absolument-angouleme.fr\/es\/"},{"@type":"ListItem","position":2,"name":"Naturaleza, deportes y actividades de ocio"}]},{"@type":"WebSite","@id":"https:\/\/www.absolument-angouleme.fr\/#website","url":"https:\/\/www.absolument-angouleme.fr\/","name":"Absolument Ango\u00fbleme","description":"Entreprendre et d\u00e9couvrir !","publisher":{"@id":"https:\/\/www.absolument-angouleme.fr\/#organization"},"potentialAction":[{"@type":"SearchAction","target":{"@type":"EntryPoint","urlTemplate":"https:\/\/www.absolument-angouleme.fr\/?s={search_term_string}"},"query-input":{"@type":"PropertyValueSpecification","valueRequired":true,"valueName":"search_term_string"}}],"inLanguage":"es"},{"@type":"Organization","@id":"https:\/\/www.absolument-angouleme.fr\/#organization","name":"Absolument Angoul\u00eame","url":"https:\/\/www.absolument-angouleme.fr\/","logo":{"@type":"ImageObject","inLanguage":"es","@id":"https:\/\/www.absolument-angouleme.fr\/#\/schema\/logo\/image\/","url":"\/wp-content\/uploads\/2019\/12\/Absolument-Angouleme_logotype_quadri_4cm.jpg","contentUrl":"\/wp-content\/uploads\/2019\/12\/Absolument-Angouleme_logotype_quadri_4cm.jpg","width":472,"height":411,"caption":"Absolument Angoul\u00eame"},"image":{"@id":"https:\/\/www.absolument-angouleme.fr\/#\/schema\/logo\/image\/"},"sameAs":["https:\/\/www.facebook.com\/absolumentangouleme","https:\/\/www.instagram.com\/absolumentangouleme\/","https:\/\/www.linkedin.com\/company\/absolument-angoul\u00eame\/"]}]}},"_links":{"self":[{"href":"https:\/\/www.absolument-angouleme.fr\/es\/wp-json\/wp\/v2\/pages\/3331","targetHints":{"allow":["GET"]}}],"collection":[{"href":"https:\/\/www.absolument-angouleme.fr\/es\/wp-json\/wp\/v2\/pages"}],"about":[{"href":"https:\/\/www.absolument-angouleme.fr\/es\/wp-json\/wp\/v2\/types\/page"}],"author":[{"embeddable":true,"href":"https:\/\/www.absolument-angouleme.fr\/es\/wp-json\/wp\/v2\/users\/6"}],"replies":[{"embeddable":true,"href":"https:\/\/www.absolument-angouleme.fr\/es\/wp-json\/wp\/v2\/comments?post=3331"}],"version-history":[{"count":0,"href":"https:\/\/www.absolument-angouleme.fr\/es\/wp-json\/wp\/v2\/pages\/3331\/revisions"}],"wp:attachment":[{"href":"https:\/\/www.absolument-angouleme.fr\/es\/wp-json\/wp\/v2\/media?parent=3331"}],"curies":[{"name":"wp","href":"https:\/\/api.w.org\/{rel}","templated":true}]}}