{"id":3338,"date":"2020-05-18T16:43:22","date_gmt":"2020-05-18T14:43:22","guid":{"rendered":"https:\/\/www.absolument-angouleme.fr\/?page_id=3338"},"modified":"2020-05-18T16:43:22","modified_gmt":"2020-05-18T14:43:22","slug":"la-excelencia-territorial","status":"publish","type":"page","link":"https:\/\/www.absolument-angouleme.fr\/es\/la-excelencia-territorial\/","title":{"rendered":"La excelencia territorial"},"content":{"rendered":"<div class=\"wpb-content-wrapper\"><p>[vc_row full_width=\u00bbstretch_row_content_no_spaces\u00bb][vc_column]<section class=\"banner\">\n    <div class=\"banner__back\" style=\"background-image: url(https:\/\/www.absolument-angouleme.fr\/wp-content\/uploads\/2019\/11\/pcampoule.jpeg);\">\n\t        <\/div>\n    <div class=\"banner__front\">\n        <div class=\"left-panel-border\"><\/div>\n        <div class=\"left-panel\">\n            <h1>La excelencia territorial<\/h1>\n                        <div class=\"banner__description\">Charente es el principal polo industrial del suroeste y tiene la vista puesta en la excelencia. A nuestras industrias se las conoce por su excepcional buen hacer reforzado por un ecosistema favorable <\/div>\n                    <\/div>\n        <div class=\"breadcrumb-trail\">\n        <p id=\"breadcrumbs\"><span><span><a href=\"https:\/\/www.absolument-angouleme.fr\/es\/\">Accueil<\/a><\/span><\/span><\/p>        <\/div>\n    <\/div>\n<\/section>\n[vc_empty_space height=\u00bb55px\u00bb][\/vc_column][\/vc_row][vc_row full_width=\u00bbstretch_row_content_no_spaces\u00bb][vc_column]<section class=\"full-image text-place-left\" style=\"background: url(https:\/\/www.absolument-angouleme.fr\/wp-content\/uploads\/2019\/12\/IMG_6550-c-Gregory-Brandel.png) center\/cover;\">\n    <div class=\"full-image-overlay\"><\/div>\n        <div class=\"text-content\">\n\t            <h2># INDUSTRIAS CULTURALES Y CREATIVAS<\/h2>\n\t    \t            <div class=\"content\"><strong>El<\/strong> <a href=\"https:\/\/www.magelis.org\/\">P\u00f4le Image Magelis<\/a> <strong>es a d\u00eda de hoy uno de los centros creativos m\u00e1s productivos de Francia.<\/strong> Congrega distintas competencias del campo de la animaci\u00f3n y las tecnolog\u00edas digitales: animaci\u00f3n en 2D\/3D, realidad virtual, videojuegos, captura de movimientos, pel\u00edculas en relieve&#8230; Pel\u00edculas que han sido galardonadas con los premios C\u00e9sar, nominadas a los \u00d3scar; el talento de Angoul\u00eame goza de prestigio internacional.<\/p>\n<p>GrandAngoul\u00eame acoge a un vivero de empresas de vanguardia del sector digital y multimedia. Este <i>know-how<\/i> digital es un recurso fundamental para el tejido econ\u00f3mico local, que recientemente ha sido certificado como\u00a0<a href=\"https:\/\/www.spn.asso.fr\/bienvenue-a-french-tech-atlantic-valley\/\" target=\"_blank\" rel=\"noopener noreferrer\">French Tech Atlantic Valley\u00a0<\/a><\/div>\n\t        <\/div>\n            <span class=\"credits\">Gr\u00e9gory Brandel<\/span>\n\t    <div class=\"border-bottom-gradient\"><\/div>\n<\/section>[\/vc_column][\/vc_row][vc_row][vc_column][vc_empty_space height=\u00bb75px\u00bb]\n<section class=\"text-overlap text-left-img-right\">\n        <figure class=\"col-lg-8\">\n            <img decoding=\"async\" width=\"1772\" height=\"1181\" src=\"https:\/\/www.absolument-angouleme.fr\/wp-content\/uploads\/2019\/12\/Page-10-industrie-et-mecatronique-Fotolia_210046902_Subscription_XXL.jpg\" class=\"attachment-full size-full\" alt=\"\" srcset=\"https:\/\/www.absolument-angouleme.fr\/wp-content\/uploads\/2019\/12\/Page-10-industrie-et-mecatronique-Fotolia_210046902_Subscription_XXL.jpg 1772w, https:\/\/www.absolument-angouleme.fr\/wp-content\/uploads\/2019\/12\/Page-10-industrie-et-mecatronique-Fotolia_210046902_Subscription_XXL-300x200.jpg 300w, https:\/\/www.absolument-angouleme.fr\/wp-content\/uploads\/2019\/12\/Page-10-industrie-et-mecatronique-Fotolia_210046902_Subscription_XXL-768x512.jpg 768w, https:\/\/www.absolument-angouleme.fr\/wp-content\/uploads\/2019\/12\/Page-10-industrie-et-mecatronique-Fotolia_210046902_Subscription_XXL-1024x682.jpg 1024w\" sizes=\"(max-width: 1772px) 100vw, 1772px\" \/>\t                <\/figure>\n            <div class=\"text-overlap-container\">\n\t                    <h2># INDUSTR\u00cdA Y MECATR\u00d3NICA<\/h2>\n\t        \t                    <div class=\"text-overlap-content\">\n                El tejido industrial local est\u00e1 comprometido con la excelencia medioambiental: la producci\u00f3n de bater\u00edas de ion-litio m\u00e1s importante de Europa, la fabricaci\u00f3n de estaciones de carga para veh\u00edculos el\u00e9ctricos, el ecodise\u00f1o de barcos, motores y alternadores, etc.<\/p>\n<p>Grandes grupos empresariales (<strong><a href=\"https:\/\/www.se.com\" target=\"_blank\" rel=\"noopener noreferrer\">Schneider Electric<\/a>, <a href=\"https:\/\/acim.nidec.com\" target=\"_blank\" rel=\"noopener noreferrer\">Leroy- Somer<\/a>, <a href=\"https:\/\/www.naval-group.com\">Naval Group<\/a>, <a href=\"http:\/\/www.nexeya.com\" target=\"_blank\" rel=\"noopener noreferrer\">Nexeya<\/a> \u2026<\/strong>)\u00a0y<i> start-up<\/i> colaboran a favor de la innovaci\u00f3n.            <\/div>\n\t                <\/div>\n    <\/section>[\/vc_column][\/vc_row][vc_row full_width=\u00bbstretch_row_content_no_spaces\u00bb][vc_column][vc_empty_space height=\u00bb75px\u00bb]\n<section class=\"text-overlap text-right-img-left\">\n        <figure class=\"col-lg-8\">\n            <img decoding=\"async\" width=\"1270\" height=\"600\" src=\"https:\/\/www.absolument-angouleme.fr\/wp-content\/uploads\/2019\/12\/c-BNIC-Stephane-Charbeau-.png\" class=\"attachment-full size-full\" alt=\"\" srcset=\"https:\/\/www.absolument-angouleme.fr\/wp-content\/uploads\/2019\/12\/c-BNIC-Stephane-Charbeau-.png 1270w, https:\/\/www.absolument-angouleme.fr\/wp-content\/uploads\/2019\/12\/c-BNIC-Stephane-Charbeau--300x142.png 300w, https:\/\/www.absolument-angouleme.fr\/wp-content\/uploads\/2019\/12\/c-BNIC-Stephane-Charbeau--768x363.png 768w, https:\/\/www.absolument-angouleme.fr\/wp-content\/uploads\/2019\/12\/c-BNIC-Stephane-Charbeau--1024x484.png 1024w\" sizes=\"(max-width: 1270px) 100vw, 1270px\" \/>\t                        <span class=\"overlap-image-credits\">BNIC St\u00e9phane Charbeau<\/span>\n\t                <\/figure>\n            <div class=\"text-overlap-container\">\n\t                    <h2># ENVASADO Y EMBALAJE<\/h2>\n\t        \t                    <div class=\"text-overlap-content\">\n                El sector est\u00e1 estructurado para ser capaz de responder positivamente a un servicio de embalaje de cualquier tipo, as\u00ed como a sus actividades complementarias. Estas actividades tan espec\u00edficas \u2014desde el dise\u00f1o y la concepci\u00f3n del envase, pasando por los accesorios y los equipos de envasado hasta las actividades relacionadas con la prestaci\u00f3n de servicios\u2014, cuentan con una importante representaci\u00f3n mediante pymes de prestigio nacional e internacional. En particular estas empresas cubren las necesidades de los industriales locales dedicados al sector agroalimentario y del lujo.            <\/div>\n\t                <\/div>\n    <\/section>[\/vc_column][\/vc_row][vc_row full_width=\u00bbstretch_row_content_no_spaces\u00bb][vc_column][vc_empty_space height=\u00bb75px\u00bb]<section class=\"full-image text-place-left\" style=\"background: url(https:\/\/www.absolument-angouleme.fr\/wp-content\/uploads\/2019\/12\/c-BNIC-Stephane-Charbeau-E.Remy-MartinCo-Seguin-Moreau-SPIRITUEUX-.png) center\/cover;\">\n    <div class=\"full-image-overlay\"><\/div>\n        <div class=\"text-content\">\n\t            <h2># BEBIDAS ESPIRITUOSAS<\/h2>\n\t    \t            <div class=\"content\">El <strong><a href=\"https:\/\/www.cognac.fr\/\" target=\"_blank\" rel=\"noopener noreferrer\">Cognac<\/a><\/strong>, famoso en todo el mundo, debe su extraordinaria sutileza a un vi\u00f1edo de excepci\u00f3n, a un clima suave por su proximidad con el oc\u00e9ano, pero, sobre todo, al talento de los hombres y las mujeres que lo elaboran desde el siglo XV. Desde las principales empresas (Baron Otard, Camus, Hennessy, Martell, R\u00e9my Martin, Meukow, Courvoisier) hasta los productores m\u00e1s peque\u00f1os, cada uno de los actores de este sector destaca por crear un producto cada vez m\u00e1s noble.<\/p>\n<p><strong>\u00a0<\/strong><\/div>\n\t        <\/div>\n            <span class=\"credits\">BNIC St\u00e9phane Charbeau &amp; E.R\u00e9my Martin&amp;Co &amp; Seguin Moreau <\/span>\n\t    <div class=\"border-bottom-gradient\"><\/div>\n<\/section>[\/vc_column][\/vc_row]<\/p>\n<\/div>","protected":false},"excerpt":{"rendered":"<p>[vc_row full_width=\u00bbstretch_row_content_no_spaces\u00bb][vc_column][vc_empty_space height=\u00bb55px\u00bb][\/vc_column][\/vc_row][vc_row full_width=\u00bbstretch_row_content_no_spaces\u00bb][vc_column][\/vc_column][\/vc_row][vc_row][vc_column][vc_empty_space height=\u00bb75px\u00bb][\/vc_column][\/vc_row][vc_row full_width=\u00bbstretch_row_content_no_spaces\u00bb][vc_column][vc_empty_space height=\u00bb75px\u00bb][\/vc_column][\/vc_row][vc_row full_width=\u00bbstretch_row_content_no_spaces\u00bb][vc_column][vc_empty_space height=\u00bb75px\u00bb][\/vc_column][\/vc_row]<\/p>\n","protected":false},"author":6,"featured_media":0,"parent":0,"menu_order":0,"comment_status":"closed","ping_status":"closed","template":"","meta":{"_acf_changed":false,"inline_featured_image":false,"footnotes":""},"class_list":["post-3338","page","type-page","status-publish","hentry"],"acf":[],"yoast_head":"<!-- This site is optimized with the Yoast SEO plugin v24.2 - https:\/\/yoast.com\/wordpress\/plugins\/seo\/ -->\n<title>La excelencia territorial | Absolument Ango\u00fbleme<\/title>\n<meta name=\"robots\" content=\"index, follow, max-snippet:-1, max-image-preview:large, max-video-preview:-1\" \/>\n<link rel=\"canonical\" href=\"https:\/\/www.absolument-angouleme.fr\/lexcellence-territoriale\/\" \/>\n<meta property=\"og:locale\" content=\"es_ES\" \/>\n<meta property=\"og:type\" content=\"article\" \/>\n<meta property=\"og:title\" content=\"La excelencia territorial | Absolument Ango\u00fbleme\" \/>\n<meta property=\"og:description\" content=\"[vc_row full_width=\u00bbstretch_row_content_no_spaces\u00bb][vc_column][vc_empty_space height=\u00bb55px\u00bb][\/vc_column][\/vc_row][vc_row full_width=\u00bbstretch_row_content_no_spaces\u00bb][vc_column][\/vc_column][\/vc_row][vc_row][vc_column][vc_empty_space height=\u00bb75px\u00bb][\/vc_column][\/vc_row][vc_row full_width=\u00bbstretch_row_content_no_spaces\u00bb][vc_column][vc_empty_space height=\u00bb75px\u00bb][\/vc_column][\/vc_row][vc_row full_width=\u00bbstretch_row_content_no_spaces\u00bb][vc_column][vc_empty_space height=\u00bb75px\u00bb][\/vc_column][\/vc_row]\" \/>\n<meta property=\"og:url\" content=\"https:\/\/www.absolument-angouleme.fr\/lexcellence-territoriale\/\" \/>\n<meta property=\"og:site_name\" content=\"Absolument Ango\u00fbleme\" \/>\n<meta property=\"article:publisher\" content=\"https:\/\/www.facebook.com\/absolumentangouleme\" \/>\n<meta property=\"og:image\" content=\"https:\/\/www.absolument-angouleme.fr\/wp-content\/uploads\/2019\/12\/Absolument-Angouleme_logotype_quadri_4cm.jpg\" \/>\n\t<meta property=\"og:image:width\" content=\"472\" \/>\n\t<meta property=\"og:image:height\" content=\"411\" \/>\n\t<meta property=\"og:image:type\" content=\"image\/jpeg\" \/>\n<meta name=\"twitter:card\" content=\"summary_large_image\" \/>\n<meta name=\"twitter:label1\" content=\"Tiempo de lectura\" \/>\n\t<meta name=\"twitter:data1\" content=\"3 minutos\" \/>\n<script type=\"application\/ld+json\" class=\"yoast-schema-graph\">{\"@context\":\"https:\/\/schema.org\",\"@graph\":[{\"@type\":\"WebPage\",\"@id\":\"https:\/\/www.absolument-angouleme.fr\/lexcellence-territoriale\/\",\"url\":\"https:\/\/www.absolument-angouleme.fr\/lexcellence-territoriale\/\",\"name\":\"La excelencia territorial | Absolument Ango\u00fbleme\",\"isPartOf\":{\"@id\":\"https:\/\/www.absolument-angouleme.fr\/#website\"},\"datePublished\":\"2020-05-18T14:43:22+00:00\",\"dateModified\":\"2020-05-18T14:43:22+00:00\",\"breadcrumb\":{\"@id\":\"https:\/\/www.absolument-angouleme.fr\/lexcellence-territoriale\/#breadcrumb\"},\"inLanguage\":\"es\",\"potentialAction\":[{\"@type\":\"ReadAction\",\"target\":[\"https:\/\/www.absolument-angouleme.fr\/lexcellence-territoriale\/\"]}]},{\"@type\":\"BreadcrumbList\",\"@id\":\"https:\/\/www.absolument-angouleme.fr\/lexcellence-territoriale\/#breadcrumb\",\"itemListElement\":[{\"@type\":\"ListItem\",\"position\":1,\"name\":\"Accueil\",\"item\":\"https:\/\/www.absolument-angouleme.fr\/es\/\"},{\"@type\":\"ListItem\",\"position\":2,\"name\":\"La excelencia territorial\"}]},{\"@type\":\"WebSite\",\"@id\":\"https:\/\/www.absolument-angouleme.fr\/#website\",\"url\":\"https:\/\/www.absolument-angouleme.fr\/\",\"name\":\"Absolument Ango\u00fbleme\",\"description\":\"Entreprendre et d\u00e9couvrir !\",\"publisher\":{\"@id\":\"https:\/\/www.absolument-angouleme.fr\/#organization\"},\"potentialAction\":[{\"@type\":\"SearchAction\",\"target\":{\"@type\":\"EntryPoint\",\"urlTemplate\":\"https:\/\/www.absolument-angouleme.fr\/?s={search_term_string}\"},\"query-input\":{\"@type\":\"PropertyValueSpecification\",\"valueRequired\":true,\"valueName\":\"search_term_string\"}}],\"inLanguage\":\"es\"},{\"@type\":\"Organization\",\"@id\":\"https:\/\/www.absolument-angouleme.fr\/#organization\",\"name\":\"Absolument Angoul\u00eame\",\"url\":\"https:\/\/www.absolument-angouleme.fr\/\",\"logo\":{\"@type\":\"ImageObject\",\"inLanguage\":\"es\",\"@id\":\"https:\/\/www.absolument-angouleme.fr\/#\/schema\/logo\/image\/\",\"url\":\"\/wp-content\/uploads\/2019\/12\/Absolument-Angouleme_logotype_quadri_4cm.jpg\",\"contentUrl\":\"\/wp-content\/uploads\/2019\/12\/Absolument-Angouleme_logotype_quadri_4cm.jpg\",\"width\":472,\"height\":411,\"caption\":\"Absolument Angoul\u00eame\"},\"image\":{\"@id\":\"https:\/\/www.absolument-angouleme.fr\/#\/schema\/logo\/image\/\"},\"sameAs\":[\"https:\/\/www.facebook.com\/absolumentangouleme\",\"https:\/\/www.instagram.com\/absolumentangouleme\/\",\"https:\/\/www.linkedin.com\/company\/absolument-angoul\u00eame\/\"]}]}<\/script>\n<!-- \/ Yoast SEO plugin. -->","yoast_head_json":{"title":"La excelencia territorial | Absolument Ango\u00fbleme","robots":{"index":"index","follow":"follow","max-snippet":"max-snippet:-1","max-image-preview":"max-image-preview:large","max-video-preview":"max-video-preview:-1"},"canonical":"https:\/\/www.absolument-angouleme.fr\/lexcellence-territoriale\/","og_locale":"es_ES","og_type":"article","og_title":"La excelencia territorial | Absolument Ango\u00fbleme","og_description":"[vc_row full_width=\u00bbstretch_row_content_no_spaces\u00bb][vc_column][vc_empty_space height=\u00bb55px\u00bb][\/vc_column][\/vc_row][vc_row full_width=\u00bbstretch_row_content_no_spaces\u00bb][vc_column][\/vc_column][\/vc_row][vc_row][vc_column][vc_empty_space height=\u00bb75px\u00bb][\/vc_column][\/vc_row][vc_row full_width=\u00bbstretch_row_content_no_spaces\u00bb][vc_column][vc_empty_space height=\u00bb75px\u00bb][\/vc_column][\/vc_row][vc_row full_width=\u00bbstretch_row_content_no_spaces\u00bb][vc_column][vc_empty_space height=\u00bb75px\u00bb][\/vc_column][\/vc_row]","og_url":"https:\/\/www.absolument-angouleme.fr\/lexcellence-territoriale\/","og_site_name":"Absolument Ango\u00fbleme","article_publisher":"https:\/\/www.facebook.com\/absolumentangouleme","og_image":[{"width":472,"height":411,"url":"https:\/\/www.absolument-angouleme.fr\/wp-content\/uploads\/2019\/12\/Absolument-Angouleme_logotype_quadri_4cm.jpg","type":"image\/jpeg"}],"twitter_card":"summary_large_image","twitter_misc":{"Tiempo de lectura":"3 minutos"},"schema":{"@context":"https:\/\/schema.org","@graph":[{"@type":"WebPage","@id":"https:\/\/www.absolument-angouleme.fr\/lexcellence-territoriale\/","url":"https:\/\/www.absolument-angouleme.fr\/lexcellence-territoriale\/","name":"La excelencia territorial | Absolument Ango\u00fbleme","isPartOf":{"@id":"https:\/\/www.absolument-angouleme.fr\/#website"},"datePublished":"2020-05-18T14:43:22+00:00","dateModified":"2020-05-18T14:43:22+00:00","breadcrumb":{"@id":"https:\/\/www.absolument-angouleme.fr\/lexcellence-territoriale\/#breadcrumb"},"inLanguage":"es","potentialAction":[{"@type":"ReadAction","target":["https:\/\/www.absolument-angouleme.fr\/lexcellence-territoriale\/"]}]},{"@type":"BreadcrumbList","@id":"https:\/\/www.absolument-angouleme.fr\/lexcellence-territoriale\/#breadcrumb","itemListElement":[{"@type":"ListItem","position":1,"name":"Accueil","item":"https:\/\/www.absolument-angouleme.fr\/es\/"},{"@type":"ListItem","position":2,"name":"La excelencia territorial"}]},{"@type":"WebSite","@id":"https:\/\/www.absolument-angouleme.fr\/#website","url":"https:\/\/www.absolument-angouleme.fr\/","name":"Absolument Ango\u00fbleme","description":"Entreprendre et d\u00e9couvrir !","publisher":{"@id":"https:\/\/www.absolument-angouleme.fr\/#organization"},"potentialAction":[{"@type":"SearchAction","target":{"@type":"EntryPoint","urlTemplate":"https:\/\/www.absolument-angouleme.fr\/?s={search_term_string}"},"query-input":{"@type":"PropertyValueSpecification","valueRequired":true,"valueName":"search_term_string"}}],"inLanguage":"es"},{"@type":"Organization","@id":"https:\/\/www.absolument-angouleme.fr\/#organization","name":"Absolument Angoul\u00eame","url":"https:\/\/www.absolument-angouleme.fr\/","logo":{"@type":"ImageObject","inLanguage":"es","@id":"https:\/\/www.absolument-angouleme.fr\/#\/schema\/logo\/image\/","url":"\/wp-content\/uploads\/2019\/12\/Absolument-Angouleme_logotype_quadri_4cm.jpg","contentUrl":"\/wp-content\/uploads\/2019\/12\/Absolument-Angouleme_logotype_quadri_4cm.jpg","width":472,"height":411,"caption":"Absolument Angoul\u00eame"},"image":{"@id":"https:\/\/www.absolument-angouleme.fr\/#\/schema\/logo\/image\/"},"sameAs":["https:\/\/www.facebook.com\/absolumentangouleme","https:\/\/www.instagram.com\/absolumentangouleme\/","https:\/\/www.linkedin.com\/company\/absolument-angoul\u00eame\/"]}]}},"_links":{"self":[{"href":"https:\/\/www.absolument-angouleme.fr\/es\/wp-json\/wp\/v2\/pages\/3338","targetHints":{"allow":["GET"]}}],"collection":[{"href":"https:\/\/www.absolument-angouleme.fr\/es\/wp-json\/wp\/v2\/pages"}],"about":[{"href":"https:\/\/www.absolument-angouleme.fr\/es\/wp-json\/wp\/v2\/types\/page"}],"author":[{"embeddable":true,"href":"https:\/\/www.absolument-angouleme.fr\/es\/wp-json\/wp\/v2\/users\/6"}],"replies":[{"embeddable":true,"href":"https:\/\/www.absolument-angouleme.fr\/es\/wp-json\/wp\/v2\/comments?post=3338"}],"version-history":[{"count":0,"href":"https:\/\/www.absolument-angouleme.fr\/es\/wp-json\/wp\/v2\/pages\/3338\/revisions"}],"wp:attachment":[{"href":"https:\/\/www.absolument-angouleme.fr\/es\/wp-json\/wp\/v2\/media?parent=3338"}],"curies":[{"name":"wp","href":"https:\/\/api.w.org\/{rel}","templated":true}]}}